{"id":66,"date":"2017-10-12T06:50:44","date_gmt":"2017-10-12T03:50:44","guid":{"rendered":"http:\/\/www.kyushoaikijutsuvantaa.fi\/?page_id=66"},"modified":"2026-03-03T15:13:56","modified_gmt":"2026-03-03T13:13:56","slug":"tapahtumat","status":"publish","type":"page","link":"https:\/\/www.kyushoaikijutsuvantaa.fi\/?page_id=66","title":{"rendered":"Tapahtumat"},"content":{"rendered":"\n<p><\/p>\n\n\n\n<p class=\"has-medium-font-size\"><strong>TULEVIA TAPAHTUMIA VUONNA 2026:<\/strong><br>Paikka: Rajatorpan v\u00e4est\u00f6suoja, Rajatorpantie 27.<\/p>\n\n\n\n<p><\/p>\n\n\n\n<p><strong><strong>07.03.2026<\/strong><\/strong><br><strong>Kyusho Aiki Jutsu -SEMINAARI<\/strong> \/ Toni Kauhanen<br>Tapahtuma on kaikille avoin lajista riippumatta.<br>Hinta 50\u20ac.<\/p>\n\n\n\n<p><strong>Lis\u00e4tietoja ja ilmoittautumiset: <\/strong>Kai Arola, 040 507 1809, kai.arola@gmail.com<\/p>\n\n\n\n<p><strong>Harjoitusajat:<\/strong><br>12.00 &#8211; 16.00 Pienitatami<\/p>\n\n\n\n<hr class=\"wp-block-separator has-alpha-channel-opacity is-style-wide\"\/>\n\n\n\n<p><strong><strong>23.05.2026<\/strong><\/strong><br><strong>Kyusho Aiki Jutsu -SEMINAARI<\/strong> \/ Toni Kauhanen<br>Tapahtuma on kaikille avoin lajista riippumatta.<br>Hinta 50\u20ac.<\/p>\n\n\n\n<p><strong>Lis\u00e4tietoja ja ilmoittautumiset: <\/strong>Kai Arola, 040 507 1809, kai.arola@gmail.com<\/p>\n\n\n\n<p><strong>Harjoitusajat:<\/strong><br>12.00 &#8211; 16.00 Pienitatami<br><\/p>\n\n\n\n<hr class=\"wp-block-separator has-alpha-channel-opacity is-style-wide\"\/>\n\n\n\n<p><strong>29th  Summer Camp<\/strong> <br>Hein\u00e4kuu &#8211; 10-12.7 tai 17-19.7 <br>Kangaslampi, \u00c4\u00e4nekoski<br><br>Three days of training and learning<br>&#8211; The Grappling Hand Art (Tuit\u00e9)<br>&#8211; The Striking Hand Art (Kyusho)<br>&#8211; The Body Power Art (Aiki)<br>&#8211; Everything comes when needed (Jutsu)<br><a href=\"https:\/\/budoart.fi\/eng\/seminars.html\">www. budoart.fi<\/a><\/p>\n\n\n\n<hr class=\"wp-block-separator has-alpha-channel-opacity is-style-wide\"\/>\n\n\n\n<p><br><strong><strong>29.08.2026<\/strong><\/strong><br><strong>Kyusho Aiki Jutsu -aloituskurssi <\/strong><br>Tule tutustumaan lajin perustekniikoihin ja aloita <strong>treenaaminen<\/strong>:<\/p>\n\n\n\n<p>&#8211; Lajin esittely<br>&#8211; Liikkuminen<br>&#8211; Yksinkertaista perustekniikkaa<\/p>\n\n\n\n<p>Tutustuminen lajiin aloituskurssilla on ilmaista.<br>Mik\u00e4li p\u00e4\u00e4t\u00e4t jatkaa, saat hintaan 150\u20ac aloituskurssin, syksyn 2026 treenit sek\u00e4 5. Kyu (keltainen) vy\u00f6kokeen.<\/p>\n\n\n\n<p><strong>Lis\u00e4tietoja ja ilmoittautumiset: <\/strong>Kai Arola, 040 507 1809, kai.arola@gmail.com<\/p>\n\n\n\n<p><strong>Harjoitusajat:<\/strong><br>12.00 &#8211; 15.00 Pienitatami<br><br><\/p>\n\n\n\n<figure class=\"wp-block-video\"><video controls src=\"http:\/\/www.kyushoaikijutsuvantaa.fi\/wp-content\/uploads\/2025\/05\/KAJ-2025-video.mov\"><\/video><\/figure>\n\n\n\n<hr class=\"wp-block-separator has-alpha-channel-opacity is-style-wide\"\/>\n\n\n\n<p><\/p>\n\n\n\n<p><strong><strong>03.10.2026<\/strong><\/strong><br><strong>Kyusho Aiki Jutsu -SEMINAARI<\/strong> \/ Toni Kauhanen<br>Tapahtuma on kaikille avoin lajista riippumatta.<br>Hinta 50\u20ac.<\/p>\n\n\n\n<p><strong>Lis\u00e4tietoja ja ilmoittautumiset: <\/strong>Kai Arola, 040 507 1809, kai.arola@gmail.com<\/p>\n\n\n\n<p><strong>Harjoitusajat:<\/strong><br>12.00 &#8211; 16.00 Pienitatami<\/p>\n\n\n\n<hr class=\"wp-block-separator has-alpha-channel-opacity is-style-wide\"\/>\n\n\n\n<p><br><strong><strong>03.10.2026<\/strong><\/strong><br><strong>Kyusho Aiki Jutsu Vantaa &#8211; 20-vuotta juhlatilaisuus<\/strong><br>Lis\u00e4tietoja l\u00e4hemp\u00e4n\u00e4 tapahtumaa.<\/p>\n\n\n\n<hr class=\"wp-block-separator has-alpha-channel-opacity is-style-wide\"\/>\n","protected":false},"excerpt":{"rendered":"<p>TULEVIA TAPAHTUMIA VUONNA 2026:Paikka: Rajatorpan v\u00e4est\u00f6suoja, Rajatorpantie 27. 07.03.2026Kyusho Aiki Jutsu -SEMINAARI \/ Toni KauhanenTapahtuma on kaikille avoin lajista riippumatta.Hinta 50\u20ac. Lis\u00e4tietoja ja ilmoittautumiset: Kai Arola, 040 507 1809, kai.arola@gmail.com Harjoitusajat:12.00 &#8211; 16.00 Pienitatami 23.05.2026Kyusho Aiki Jutsu -SEMINAARI \/ Toni KauhanenTapahtuma on kaikille avoin lajista riippumatta.Hinta 50\u20ac. Lis\u00e4tietoja ja ilmoittautumiset: Kai Arola, 040 507 1809, &hellip; <\/p>\n<p class=\"link-more\"><a href=\"https:\/\/www.kyushoaikijutsuvantaa.fi\/?page_id=66\" class=\"more-link\">Jatka lukemista<span class=\"screen-reader-text\"> &#8221;Tapahtumat&#8221;<\/span><\/a><\/p>\n","protected":false},"author":2,"featured_media":0,"parent":0,"menu_order":0,"comment_status":"closed","ping_status":"closed","template":"","meta":{"footnotes":""},"class_list":["post-66","page","type-page","status-publish","hentry"],"yoast_head":"<!-- This site is optimized with the Yoast SEO plugin v24.0 - https:\/\/yoast.com\/wordpress\/plugins\/seo\/ -->\n<title>Tapahtumat - kyushoaikijutsuvantaa.fi<\/title>\n<meta name=\"robots\" content=\"index, follow, max-snippet:-1, max-image-preview:large, max-video-preview:-1\" \/>\n<link rel=\"canonical\" href=\"https:\/\/www.kyushoaikijutsuvantaa.fi\/?page_id=66\" \/>\n<meta property=\"og:locale\" content=\"fi_FI\" \/>\n<meta property=\"og:type\" content=\"article\" \/>\n<meta property=\"og:title\" content=\"Tapahtumat - kyushoaikijutsuvantaa.fi\" \/>\n<meta property=\"og:description\" content=\"TULEVIA TAPAHTUMIA VUONNA 2026:Paikka: Rajatorpan v\u00e4est\u00f6suoja, Rajatorpantie 27. 07.03.2026Kyusho Aiki Jutsu -SEMINAARI \/ Toni KauhanenTapahtuma on kaikille avoin lajista riippumatta.Hinta 50\u20ac. Lis\u00e4tietoja ja ilmoittautumiset: Kai Arola, 040 507 1809, kai.arola@gmail.com Harjoitusajat:12.00 &#8211; 16.00 Pienitatami 23.05.2026Kyusho Aiki Jutsu -SEMINAARI \/ Toni KauhanenTapahtuma on kaikille avoin lajista riippumatta.Hinta 50\u20ac. Lis\u00e4tietoja ja ilmoittautumiset: Kai Arola, 040 507 1809, &hellip; Jatka lukemista &quot;Tapahtumat&quot;\" \/>\n<meta property=\"og:url\" content=\"https:\/\/www.kyushoaikijutsuvantaa.fi\/?page_id=66\" \/>\n<meta property=\"og:site_name\" content=\"kyushoaikijutsuvantaa.fi\" \/>\n<meta property=\"article:publisher\" content=\"https:\/\/www.facebook.com\/kyushoaikijutsuvantaa\/\" \/>\n<meta property=\"article:modified_time\" content=\"2026-03-03T13:13:56+00:00\" \/>\n<meta name=\"twitter:card\" content=\"summary_large_image\" \/>\n<meta name=\"twitter:label1\" content=\"Arvioitu lukuaika\" \/>\n\t<meta name=\"twitter:data1\" content=\"2 minuuttia\" \/>\n<script type=\"application\/ld+json\" class=\"yoast-schema-graph\">{\"@context\":\"https:\/\/schema.org\",\"@graph\":[{\"@type\":\"WebPage\",\"@id\":\"https:\/\/www.kyushoaikijutsuvantaa.fi\/?page_id=66\",\"url\":\"https:\/\/www.kyushoaikijutsuvantaa.fi\/?page_id=66\",\"name\":\"Tapahtumat - kyushoaikijutsuvantaa.fi\",\"isPartOf\":{\"@id\":\"https:\/\/www.kyushoaikijutsuvantaa.fi\/#website\"},\"datePublished\":\"2017-10-12T03:50:44+00:00\",\"dateModified\":\"2026-03-03T13:13:56+00:00\",\"breadcrumb\":{\"@id\":\"https:\/\/www.kyushoaikijutsuvantaa.fi\/?page_id=66#breadcrumb\"},\"inLanguage\":\"fi\",\"potentialAction\":[{\"@type\":\"ReadAction\",\"target\":[\"https:\/\/www.kyushoaikijutsuvantaa.fi\/?page_id=66\"]}]},{\"@type\":\"BreadcrumbList\",\"@id\":\"https:\/\/www.kyushoaikijutsuvantaa.fi\/?page_id=66#breadcrumb\",\"itemListElement\":[{\"@type\":\"ListItem\",\"position\":1,\"name\":\"Home\",\"item\":\"https:\/\/www.kyushoaikijutsuvantaa.fi\/\"},{\"@type\":\"ListItem\",\"position\":2,\"name\":\"Tapahtumat\"}]},{\"@type\":\"WebSite\",\"@id\":\"https:\/\/www.kyushoaikijutsuvantaa.fi\/#website\",\"url\":\"https:\/\/www.kyushoaikijutsuvantaa.fi\/\",\"name\":\"kyushoaikijutsuvantaa.fi\",\"description\":\"Vantaalainen Itsepuolustus- ja taistelulaji seura\",\"publisher\":{\"@id\":\"https:\/\/www.kyushoaikijutsuvantaa.fi\/#organization\"},\"potentialAction\":[{\"@type\":\"SearchAction\",\"target\":{\"@type\":\"EntryPoint\",\"urlTemplate\":\"https:\/\/www.kyushoaikijutsuvantaa.fi\/?s={search_term_string}\"},\"query-input\":{\"@type\":\"PropertyValueSpecification\",\"valueRequired\":true,\"valueName\":\"search_term_string\"}}],\"inLanguage\":\"fi\"},{\"@type\":\"Organization\",\"@id\":\"https:\/\/www.kyushoaikijutsuvantaa.fi\/#organization\",\"name\":\"Kyusho Aiki Jutsu Vantaa Ry\",\"url\":\"https:\/\/www.kyushoaikijutsuvantaa.fi\/\",\"logo\":{\"@type\":\"ImageObject\",\"inLanguage\":\"fi\",\"@id\":\"https:\/\/www.kyushoaikijutsuvantaa.fi\/#\/schema\/logo\/image\/\",\"url\":\"https:\/\/www.kyushoaikijutsuvantaa.fi\/wp-content\/uploads\/2017\/10\/cropped-Kaj_logo.jpg\",\"contentUrl\":\"https:\/\/www.kyushoaikijutsuvantaa.fi\/wp-content\/uploads\/2017\/10\/cropped-Kaj_logo.jpg\",\"width\":250,\"height\":250,\"caption\":\"Kyusho Aiki Jutsu Vantaa Ry\"},\"image\":{\"@id\":\"https:\/\/www.kyushoaikijutsuvantaa.fi\/#\/schema\/logo\/image\/\"},\"sameAs\":[\"https:\/\/www.facebook.com\/kyushoaikijutsuvantaa\/\",\"https:\/\/www.instagram.com\/kyusho_aiki_jutsu_vantaa\/\",\"https:\/\/www.youtube.com\/channel\/UCib3YWyjmOD0tphTx8ah6bQ\"]}]}<\/script>\n<!-- \/ Yoast SEO plugin. -->","yoast_head_json":{"title":"Tapahtumat - kyushoaikijutsuvantaa.fi","robots":{"index":"index","follow":"follow","max-snippet":"max-snippet:-1","max-image-preview":"max-image-preview:large","max-video-preview":"max-video-preview:-1"},"canonical":"https:\/\/www.kyushoaikijutsuvantaa.fi\/?page_id=66","og_locale":"fi_FI","og_type":"article","og_title":"Tapahtumat - kyushoaikijutsuvantaa.fi","og_description":"TULEVIA TAPAHTUMIA VUONNA 2026:Paikka: Rajatorpan v\u00e4est\u00f6suoja, Rajatorpantie 27. 07.03.2026Kyusho Aiki Jutsu -SEMINAARI \/ Toni KauhanenTapahtuma on kaikille avoin lajista riippumatta.Hinta 50\u20ac. Lis\u00e4tietoja ja ilmoittautumiset: Kai Arola, 040 507 1809, kai.arola@gmail.com Harjoitusajat:12.00 &#8211; 16.00 Pienitatami 23.05.2026Kyusho Aiki Jutsu -SEMINAARI \/ Toni KauhanenTapahtuma on kaikille avoin lajista riippumatta.Hinta 50\u20ac. Lis\u00e4tietoja ja ilmoittautumiset: Kai Arola, 040 507 1809, &hellip; Jatka lukemista \"Tapahtumat\"","og_url":"https:\/\/www.kyushoaikijutsuvantaa.fi\/?page_id=66","og_site_name":"kyushoaikijutsuvantaa.fi","article_publisher":"https:\/\/www.facebook.com\/kyushoaikijutsuvantaa\/","article_modified_time":"2026-03-03T13:13:56+00:00","twitter_card":"summary_large_image","twitter_misc":{"Arvioitu lukuaika":"2 minuuttia"},"schema":{"@context":"https:\/\/schema.org","@graph":[{"@type":"WebPage","@id":"https:\/\/www.kyushoaikijutsuvantaa.fi\/?page_id=66","url":"https:\/\/www.kyushoaikijutsuvantaa.fi\/?page_id=66","name":"Tapahtumat - kyushoaikijutsuvantaa.fi","isPartOf":{"@id":"https:\/\/www.kyushoaikijutsuvantaa.fi\/#website"},"datePublished":"2017-10-12T03:50:44+00:00","dateModified":"2026-03-03T13:13:56+00:00","breadcrumb":{"@id":"https:\/\/www.kyushoaikijutsuvantaa.fi\/?page_id=66#breadcrumb"},"inLanguage":"fi","potentialAction":[{"@type":"ReadAction","target":["https:\/\/www.kyushoaikijutsuvantaa.fi\/?page_id=66"]}]},{"@type":"BreadcrumbList","@id":"https:\/\/www.kyushoaikijutsuvantaa.fi\/?page_id=66#breadcrumb","itemListElement":[{"@type":"ListItem","position":1,"name":"Home","item":"https:\/\/www.kyushoaikijutsuvantaa.fi\/"},{"@type":"ListItem","position":2,"name":"Tapahtumat"}]},{"@type":"WebSite","@id":"https:\/\/www.kyushoaikijutsuvantaa.fi\/#website","url":"https:\/\/www.kyushoaikijutsuvantaa.fi\/","name":"kyushoaikijutsuvantaa.fi","description":"Vantaalainen Itsepuolustus- ja taistelulaji seura","publisher":{"@id":"https:\/\/www.kyushoaikijutsuvantaa.fi\/#organization"},"potentialAction":[{"@type":"SearchAction","target":{"@type":"EntryPoint","urlTemplate":"https:\/\/www.kyushoaikijutsuvantaa.fi\/?s={search_term_string}"},"query-input":{"@type":"PropertyValueSpecification","valueRequired":true,"valueName":"search_term_string"}}],"inLanguage":"fi"},{"@type":"Organization","@id":"https:\/\/www.kyushoaikijutsuvantaa.fi\/#organization","name":"Kyusho Aiki Jutsu Vantaa Ry","url":"https:\/\/www.kyushoaikijutsuvantaa.fi\/","logo":{"@type":"ImageObject","inLanguage":"fi","@id":"https:\/\/www.kyushoaikijutsuvantaa.fi\/#\/schema\/logo\/image\/","url":"https:\/\/www.kyushoaikijutsuvantaa.fi\/wp-content\/uploads\/2017\/10\/cropped-Kaj_logo.jpg","contentUrl":"https:\/\/www.kyushoaikijutsuvantaa.fi\/wp-content\/uploads\/2017\/10\/cropped-Kaj_logo.jpg","width":250,"height":250,"caption":"Kyusho Aiki Jutsu Vantaa Ry"},"image":{"@id":"https:\/\/www.kyushoaikijutsuvantaa.fi\/#\/schema\/logo\/image\/"},"sameAs":["https:\/\/www.facebook.com\/kyushoaikijutsuvantaa\/","https:\/\/www.instagram.com\/kyusho_aiki_jutsu_vantaa\/","https:\/\/www.youtube.com\/channel\/UCib3YWyjmOD0tphTx8ah6bQ"]}]}},"_links":{"self":[{"href":"https:\/\/www.kyushoaikijutsuvantaa.fi\/index.php?rest_route=\/wp\/v2\/pages\/66","targetHints":{"allow":["GET"]}}],"collection":[{"href":"https:\/\/www.kyushoaikijutsuvantaa.fi\/index.php?rest_route=\/wp\/v2\/pages"}],"about":[{"href":"https:\/\/www.kyushoaikijutsuvantaa.fi\/index.php?rest_route=\/wp\/v2\/types\/page"}],"author":[{"embeddable":true,"href":"https:\/\/www.kyushoaikijutsuvantaa.fi\/index.php?rest_route=\/wp\/v2\/users\/2"}],"replies":[{"embeddable":true,"href":"https:\/\/www.kyushoaikijutsuvantaa.fi\/index.php?rest_route=%2Fwp%2Fv2%2Fcomments&post=66"}],"version-history":[{"count":168,"href":"https:\/\/www.kyushoaikijutsuvantaa.fi\/index.php?rest_route=\/wp\/v2\/pages\/66\/revisions"}],"predecessor-version":[{"id":751,"href":"https:\/\/www.kyushoaikijutsuvantaa.fi\/index.php?rest_route=\/wp\/v2\/pages\/66\/revisions\/751"}],"wp:attachment":[{"href":"https:\/\/www.kyushoaikijutsuvantaa.fi\/index.php?rest_route=%2Fwp%2Fv2%2Fmedia&parent=66"}],"curies":[{"name":"wp","href":"https:\/\/api.w.org\/{rel}","templated":true}]}}