{"id":63,"date":"2017-10-12T06:33:31","date_gmt":"2017-10-12T03:33:31","guid":{"rendered":"http:\/\/www.kyushoaikijutsuvantaa.fi\/?page_id=63"},"modified":"2025-08-21T09:52:30","modified_gmt":"2025-08-21T06:52:30","slug":"media","status":"publish","type":"page","link":"https:\/\/www.kyushoaikijutsuvantaa.fi\/?page_id=63","title":{"rendered":"Media"},"content":{"rendered":"\n<h2 class=\"wp-block-heading\"><strong>Videoita<\/strong><\/h2>\n\n\n\n<div class=\"wp-block-columns is-layout-flex wp-container-core-columns-is-layout-9d6595d7 wp-block-columns-is-layout-flex\">\n<div class=\"wp-block-column is-layout-flow wp-block-column-is-layout-flow\" style=\"flex-basis:100%\">\n<div class=\"wp-block-cover\" style=\"min-height:419px;aspect-ratio:unset;\"><video class=\"wp-block-cover__video-background intrinsic-ignore\" autoplay muted loop playsinline src=\"http:\/\/www.kyushoaikijutsuvantaa.fi\/wp-content\/uploads\/2025\/05\/KAJ-2025-video.mov\" data-object-fit=\"cover\"><\/video><span aria-hidden=\"true\" class=\"wp-block-cover__background has-background-dim\"><\/span><div class=\"wp-block-cover__inner-container is-layout-flow wp-block-cover-is-layout-flow\">\n<p><\/p>\n<\/div><\/div>\n<\/div>\n<\/div>\n\n\n\n<figure class=\"wp-block-embed is-type-video is-provider-youtube wp-block-embed-youtube wp-embed-aspect-9-16 wp-has-aspect-ratio\"><div class=\"wp-block-embed__wrapper\">\n<iframe loading=\"lazy\" title=\"Compilation of KAJ Vantaa top10 highlights\" width=\"443\" height=\"788\" src=\"https:\/\/www.youtube.com\/embed\/P3Jqnx5i7ok?feature=oembed\" frameborder=\"0\" allow=\"accelerometer; autoplay; clipboard-write; encrypted-media; gyroscope; picture-in-picture; web-share\" referrerpolicy=\"strict-origin-when-cross-origin\" allowfullscreen><\/iframe>\n<\/div><\/figure>\n\n\n\n<figure class=\"wp-block-video\"><video controls src=\"http:\/\/www.kyushoaikijutsuvantaa.fi\/wp-content\/uploads\/2022\/09\/KAJ-2022-Rynske-shorter.mov\"><\/video><\/figure>\n\n\n\n<figure class=\"wp-block-video\"><video controls src=\"http:\/\/www.kyushoaikijutsuvantaa.fi\/wp-content\/uploads\/2022\/09\/VIDEO-2022-09-07-20-45-07.mp4\"><\/video><figcaption class=\"wp-element-caption\"><strong>Jarkko Korhonen, 4 dan, 30-vuotta kamppailulajien parissa<\/strong><\/figcaption><\/figure>\n\n\n\n<figure class=\"wp-block-video\"><video controls src=\"http:\/\/www.kyushoaikijutsuvantaa.fi\/wp-content\/uploads\/2021\/06\/VIDEO-2021-06-16-13-09-40.mp4\"><\/video><\/figure>\n\n\n\n<figure><iframe loading=\"lazy\" width=\"560\" height=\"315\" src=\"https:\/\/www.youtube.com\/embed\/Yw2pD1Cg-9o\" allowfullscreen=\"\"><\/iframe><\/figure>\n\n\n\n<figure class=\"wp-block-embed is-type-video is-provider-youtube wp-block-embed-youtube wp-embed-aspect-16-9 wp-has-aspect-ratio\"><div class=\"wp-block-embed__wrapper\">\n<iframe loading=\"lazy\" title=\"Kyusho Aiki Jutsu basic techniques\" width=\"525\" height=\"295\" src=\"https:\/\/www.youtube.com\/embed\/IuS2n5Kb-FI?feature=oembed\" frameborder=\"0\" allow=\"accelerometer; autoplay; clipboard-write; encrypted-media; gyroscope; picture-in-picture; web-share\" referrerpolicy=\"strict-origin-when-cross-origin\" allowfullscreen><\/iframe>\n<\/div><\/figure>\n\n\n\n<figure class=\"wp-block-embed is-type-video is-provider-youtube wp-block-embed-youtube wp-embed-aspect-16-9 wp-has-aspect-ratio\"><div class=\"wp-block-embed__wrapper\">\n<iframe loading=\"lazy\" title=\"KAJ Vantaa 2015\" width=\"525\" height=\"295\" src=\"https:\/\/www.youtube.com\/embed\/PVaKq9W_3fY?feature=oembed\" frameborder=\"0\" allow=\"accelerometer; autoplay; clipboard-write; encrypted-media; gyroscope; picture-in-picture; web-share\" referrerpolicy=\"strict-origin-when-cross-origin\" allowfullscreen><\/iframe>\n<\/div><\/figure>\n\n\n\n<figure class=\"wp-block-embed is-type-video is-provider-youtube wp-block-embed-youtube wp-embed-aspect-16-9 wp-has-aspect-ratio\"><div class=\"wp-block-embed__wrapper\">\n<iframe loading=\"lazy\" title=\"kaj vantaa 2014\" width=\"525\" height=\"295\" src=\"https:\/\/www.youtube.com\/embed\/c_db5KupCPA?feature=oembed\" frameborder=\"0\" allow=\"accelerometer; autoplay; clipboard-write; encrypted-media; gyroscope; picture-in-picture; web-share\" referrerpolicy=\"strict-origin-when-cross-origin\" allowfullscreen><\/iframe>\n<\/div><\/figure>\n\n\n\n<figure class=\"wp-block-embed is-type-video is-provider-youtube wp-block-embed-youtube wp-embed-aspect-4-3 wp-has-aspect-ratio\"><div class=\"wp-block-embed__wrapper\">\n<iframe loading=\"lazy\" title=\"KAJ VANTAA 2009\" width=\"525\" height=\"394\" src=\"https:\/\/www.youtube.com\/embed\/Q7tFlgUJOKk?feature=oembed\" frameborder=\"0\" allow=\"accelerometer; autoplay; clipboard-write; encrypted-media; gyroscope; picture-in-picture; web-share\" referrerpolicy=\"strict-origin-when-cross-origin\" allowfullscreen><\/iframe>\n<\/div><\/figure>\n\n\n\n<h2 class=\"wp-block-heading\"><strong>Artikkeleita<\/strong><\/h2>\n\n\n<ul class=\"wp-block-latest-posts__list is-grid columns-2 alignleft wp-block-latest-posts\"><li><div class=\"wp-block-latest-posts__featured-image aligncenter\"><img loading=\"lazy\" decoding=\"async\" width=\"400\" height=\"396\" src=\"https:\/\/www.kyushoaikijutsuvantaa.fi\/wp-content\/uploads\/2020\/05\/Screenshot-2020-05-18-at-20.53.47-e1589825474383.png\" class=\"attachment-large size-large wp-post-image\" alt=\"\" style=\"\" sizes=\"auto, 100vw\" \/><\/div><a class=\"wp-block-latest-posts__post-title\" href=\"https:\/\/www.kyushoaikijutsuvantaa.fi\/?p=371\">Kyushokombinaatiot ja tajunnan tasoon vaikuttaminen<\/a><div class=\"wp-block-latest-posts__post-excerpt\">Teksti: Toni Kauhanen, Kai Arola, Janne T\u00e4htinen | Kuva Marko Simonen Hermopisteiden aktivointi, k\u00e4ytt\u00f6 ja soveltaminen yhdistelmiss\u00e4 vaativat harrastajalta paljon harjoittelua. Keskeisimp\u00e4n\u00e4 edellytyksen\u00e4 pisteiden hy\u00f6dynt\u00e4miseen on &hellip; <p class=\"link-more\"><a href=\"https:\/\/www.kyushoaikijutsuvantaa.fi\/?p=371\" class=\"more-link\">Jatka lukemista<span class=\"screen-reader-text\"> &#8221;Kyushokombinaatiot ja tajunnan tasoon vaikuttaminen&#8221;<\/span><\/a><\/p><\/div><\/li>\n<li><div class=\"wp-block-latest-posts__featured-image aligncenter\"><img loading=\"lazy\" decoding=\"async\" width=\"400\" height=\"432\" src=\"https:\/\/www.kyushoaikijutsuvantaa.fi\/wp-content\/uploads\/2020\/05\/Screenshot-2020-05-18-at-14.49.55-e1589824237307.png\" class=\"attachment-large size-large wp-post-image\" alt=\"\" style=\"\" sizes=\"auto, 100vw\" \/><\/div><a class=\"wp-block-latest-posts__post-title\" href=\"https:\/\/www.kyushoaikijutsuvantaa.fi\/?p=368\">Mit\u00e4 lis\u00e4arvoa hermopisteiden k\u00e4ytt\u00f6 tuo itsepuolustustekniikoihin?<\/a><div class=\"wp-block-latest-posts__post-excerpt\">Teksti: Toni Kauhanen, Kai Arola, Janne T\u00e4htinen | Kuva Marko Simonen Kyusho Aiki Jutsun periaatteiden ja tekniikoiden, sek\u00e4 niihin liittyen hermopisteiden, hy\u00f6dynt\u00e4minen mahdollistaa harrastajalleen inhimillisen itsepuolustuksen &hellip; <p class=\"link-more\"><a href=\"https:\/\/www.kyushoaikijutsuvantaa.fi\/?p=368\" class=\"more-link\">Jatka lukemista<span class=\"screen-reader-text\"> &#8221;Mit\u00e4 lis\u00e4arvoa hermopisteiden k\u00e4ytt\u00f6 tuo itsepuolustustekniikoihin?&#8221;<\/span><\/a><\/p><\/div><\/li>\n<li><div class=\"wp-block-latest-posts__featured-image aligncenter\"><img loading=\"lazy\" decoding=\"async\" width=\"400\" height=\"397\" src=\"https:\/\/www.kyushoaikijutsuvantaa.fi\/wp-content\/uploads\/2020\/05\/Screenshot-2020-05-18-at-14.50.47-e1589823851531.png\" class=\"attachment-large size-large wp-post-image\" alt=\"\" style=\"\" sizes=\"auto, 100vw\" \/><\/div><a class=\"wp-block-latest-posts__post-title\" href=\"https:\/\/www.kyushoaikijutsuvantaa.fi\/?p=369\">Miten hermopisteit\u00e4 k\u00e4ytet\u00e4\u00e4n kamppailulajeissa?<\/a><div class=\"wp-block-latest-posts__post-excerpt\">Teksti: Toni Kauhanen, Kai Arola, Janne T\u00e4htinen | Kuva Marko Simonen Kyusho-pisteet eli hermopisteet (nimetty akupunktiopistekarttojen mukaisesti, esimerkiksi TW-11) ovat ihmiskehon alueita, joista voidaan antaa elimist\u00f6lle &hellip; <p class=\"link-more\"><a href=\"https:\/\/www.kyushoaikijutsuvantaa.fi\/?p=369\" class=\"more-link\">Jatka lukemista<span class=\"screen-reader-text\"> &#8221;Miten hermopisteit\u00e4 k\u00e4ytet\u00e4\u00e4n kamppailulajeissa?&#8221;<\/span><\/a><\/p><\/div><\/li>\n<li><div class=\"wp-block-latest-posts__featured-image aligncenter\"><img loading=\"lazy\" decoding=\"async\" width=\"300\" height=\"411\" src=\"https:\/\/www.kyushoaikijutsuvantaa.fi\/wp-content\/uploads\/2020\/05\/Screenshot-2020-05-18-at-13.32.46-e1589823057543.png\" class=\"attachment-large size-large wp-post-image\" alt=\"\" style=\"\" sizes=\"auto, 100vw\" \/><\/div><a class=\"wp-block-latest-posts__post-title\" href=\"https:\/\/www.kyushoaikijutsuvantaa.fi\/?p=365\">Palauttava hoito<\/a><div class=\"wp-block-latest-posts__post-excerpt\">Teksti: Toni Kauhanen, Kai Arola, Janne T\u00e4htinen | Kuva Marko Simonen Harjoiteltaessa Kyusho Aiki Jutsua harjoittelijan on hallittava tiedot ja taidot my\u00f6s palauttavan hoidon osalta. T\u00e4m\u00e4n &hellip; <p class=\"link-more\"><a href=\"https:\/\/www.kyushoaikijutsuvantaa.fi\/?p=365\" class=\"more-link\">Jatka lukemista<span class=\"screen-reader-text\"> &#8221;Palauttava hoito&#8221;<\/span><\/a><\/p><\/div><\/li>\n<li><div class=\"wp-block-latest-posts__featured-image aligncenter\"><img loading=\"lazy\" decoding=\"async\" width=\"525\" height=\"310\" src=\"https:\/\/www.kyushoaikijutsuvantaa.fi\/wp-content\/uploads\/2020\/05\/Screenshot-2020-05-18-at-14.49.26-1024x605.png\" class=\"attachment-large size-large wp-post-image\" alt=\"\" style=\"\" srcset=\"https:\/\/www.kyushoaikijutsuvantaa.fi\/wp-content\/uploads\/2020\/05\/Screenshot-2020-05-18-at-14.49.26-1024x605.png 1024w, https:\/\/www.kyushoaikijutsuvantaa.fi\/wp-content\/uploads\/2020\/05\/Screenshot-2020-05-18-at-14.49.26-300x177.png 300w, https:\/\/www.kyushoaikijutsuvantaa.fi\/wp-content\/uploads\/2020\/05\/Screenshot-2020-05-18-at-14.49.26-768x454.png 768w, https:\/\/www.kyushoaikijutsuvantaa.fi\/wp-content\/uploads\/2020\/05\/Screenshot-2020-05-18-at-14.49.26-e1589823203302.png 600w\" sizes=\"auto, 100vw\" \/><\/div><a class=\"wp-block-latest-posts__post-title\" href=\"https:\/\/www.kyushoaikijutsuvantaa.fi\/?p=373\">Tuit\u00e9n periaatteet ja niiden soveltaminen harjoitteluun<\/a><div class=\"wp-block-latest-posts__post-excerpt\">Teksti: Toni Kauhanen, Kai Arola, Janne T\u00e4htinen | Kuva Marko Simonen T\u00e4ss\u00e4 artikkelissa keskitymme p\u00e4\u00e4asiassa Tuit\u00e9n periaatteisiin sek\u00e4 niiden soveltamiseen ja harjoitteluun. Kuten kaikessa itsepuolustuksessa periaatteiden &hellip; <p class=\"link-more\"><a href=\"https:\/\/www.kyushoaikijutsuvantaa.fi\/?p=373\" class=\"more-link\">Jatka lukemista<span class=\"screen-reader-text\"> &#8221;Tuit\u00e9n periaatteet ja niiden soveltaminen harjoitteluun&#8221;<\/span><\/a><\/p><\/div><\/li>\n<li><div class=\"wp-block-latest-posts__featured-image aligncenter\"><img loading=\"lazy\" decoding=\"async\" width=\"400\" height=\"466\" src=\"https:\/\/www.kyushoaikijutsuvantaa.fi\/wp-content\/uploads\/2020\/05\/Screenshot-2020-05-18-at-14.50.56-e1589823274548.png\" class=\"attachment-large size-large wp-post-image\" alt=\"\" style=\"\" sizes=\"auto, 100vw\" \/><\/div><a class=\"wp-block-latest-posts__post-title\" href=\"https:\/\/www.kyushoaikijutsuvantaa.fi\/?p=364\">Vanhojen mestareiden opit ja kataharjoittelu<\/a><div class=\"wp-block-latest-posts__post-excerpt\">Teksti: Toni Kauhanen, Kai Arola, Janne T\u00e4htinen | Kuva Marko Simonen Vanhat mestarit muun muassa Kiinasta, Okinawalta ja Japanista ovat j\u00e4tt\u00e4neet taakseen runsaasti vihjeit\u00e4 kehitt\u00e4mist\u00e4\u00e4n taistelutaidoista. &hellip; <p class=\"link-more\"><a href=\"https:\/\/www.kyushoaikijutsuvantaa.fi\/?p=364\" class=\"more-link\">Jatka lukemista<span class=\"screen-reader-text\"> &#8221;Vanhojen mestareiden opit ja kataharjoittelu&#8221;<\/span><\/a><\/p><\/div><\/li>\n<\/ul>\n\n\n<h2 class=\"wp-block-heading\"><strong>Lukusuosituksia TOP 10 by Toni Kauhanen<\/strong><br><br>1. Transparent Power; Tatsuo Kimura<br>2. Ryute no michi; Seiyu Oyata&nbsp;<br>3. Strikes Soul meet Body; Vladimir Vasilev<br>4. Small-circle jujitsu; Wally Jay<br>5. Dynamic Aikido; Gozo Shioda (my\u00f6s muut h\u00e4nen teokset)<br>6. Kyusho kenkyukai; Seiko Fujita<br>7. Bubishi; Patrick McCarthy<br>8. Intuition; Osho<br>9. Mind Power; James Borg<br>10. Kyusho-jitsu\/Ryukyu-kempo\/Tuit\u00e9; Dillman with Thomas<\/h2>\n\n\n\n<p><\/p>\n","protected":false},"excerpt":{"rendered":"<p>Videoita Artikkeleita Lukusuosituksia TOP 10 by Toni Kauhanen 1. Transparent Power; Tatsuo Kimura2. Ryute no michi; Seiyu Oyata&nbsp;3. Strikes Soul meet Body; Vladimir Vasilev4. Small-circle jujitsu; Wally Jay5. Dynamic Aikido; Gozo Shioda (my\u00f6s muut h\u00e4nen teokset)6. Kyusho kenkyukai; Seiko Fujita7. Bubishi; Patrick McCarthy8. Intuition; Osho9. Mind Power; James Borg10. Kyusho-jitsu\/Ryukyu-kempo\/Tuit\u00e9; Dillman with Thomas<\/p>\n","protected":false},"author":2,"featured_media":0,"parent":0,"menu_order":0,"comment_status":"closed","ping_status":"closed","template":"","meta":{"footnotes":""},"class_list":["post-63","page","type-page","status-publish","hentry"],"yoast_head":"<!-- This site is optimized with the Yoast SEO plugin v24.0 - https:\/\/yoast.com\/wordpress\/plugins\/seo\/ -->\n<title>Media - kyushoaikijutsuvantaa.fi<\/title>\n<meta name=\"robots\" content=\"index, follow, max-snippet:-1, max-image-preview:large, max-video-preview:-1\" \/>\n<link rel=\"canonical\" href=\"https:\/\/www.kyushoaikijutsuvantaa.fi\/?page_id=63\" \/>\n<meta property=\"og:locale\" content=\"fi_FI\" \/>\n<meta property=\"og:type\" content=\"article\" \/>\n<meta property=\"og:title\" content=\"Media - kyushoaikijutsuvantaa.fi\" \/>\n<meta property=\"og:description\" content=\"Videoita Artikkeleita Lukusuosituksia TOP 10 by Toni Kauhanen 1. Transparent Power; Tatsuo Kimura2. Ryute no michi; Seiyu Oyata&nbsp;3. Strikes Soul meet Body; Vladimir Vasilev4. Small-circle jujitsu; Wally Jay5. Dynamic Aikido; Gozo Shioda (my\u00f6s muut h\u00e4nen teokset)6. Kyusho kenkyukai; Seiko Fujita7. Bubishi; Patrick McCarthy8. Intuition; Osho9. Mind Power; James Borg10. Kyusho-jitsu\/Ryukyu-kempo\/Tuit\u00e9; Dillman with Thomas\" \/>\n<meta property=\"og:url\" content=\"https:\/\/www.kyushoaikijutsuvantaa.fi\/?page_id=63\" \/>\n<meta property=\"og:site_name\" content=\"kyushoaikijutsuvantaa.fi\" \/>\n<meta property=\"article:publisher\" content=\"https:\/\/www.facebook.com\/kyushoaikijutsuvantaa\/\" \/>\n<meta property=\"article:modified_time\" content=\"2025-08-21T06:52:30+00:00\" \/>\n<meta name=\"twitter:card\" content=\"summary_large_image\" \/>\n<meta name=\"twitter:label1\" content=\"Arvioitu lukuaika\" \/>\n\t<meta name=\"twitter:data1\" content=\"1 minuutti\" \/>\n<script type=\"application\/ld+json\" class=\"yoast-schema-graph\">{\"@context\":\"https:\/\/schema.org\",\"@graph\":[{\"@type\":\"WebPage\",\"@id\":\"https:\/\/www.kyushoaikijutsuvantaa.fi\/?page_id=63\",\"url\":\"https:\/\/www.kyushoaikijutsuvantaa.fi\/?page_id=63\",\"name\":\"Media - kyushoaikijutsuvantaa.fi\",\"isPartOf\":{\"@id\":\"https:\/\/www.kyushoaikijutsuvantaa.fi\/#website\"},\"datePublished\":\"2017-10-12T03:33:31+00:00\",\"dateModified\":\"2025-08-21T06:52:30+00:00\",\"breadcrumb\":{\"@id\":\"https:\/\/www.kyushoaikijutsuvantaa.fi\/?page_id=63#breadcrumb\"},\"inLanguage\":\"fi\",\"potentialAction\":[{\"@type\":\"ReadAction\",\"target\":[\"https:\/\/www.kyushoaikijutsuvantaa.fi\/?page_id=63\"]}]},{\"@type\":\"BreadcrumbList\",\"@id\":\"https:\/\/www.kyushoaikijutsuvantaa.fi\/?page_id=63#breadcrumb\",\"itemListElement\":[{\"@type\":\"ListItem\",\"position\":1,\"name\":\"Home\",\"item\":\"https:\/\/www.kyushoaikijutsuvantaa.fi\/\"},{\"@type\":\"ListItem\",\"position\":2,\"name\":\"Media\"}]},{\"@type\":\"WebSite\",\"@id\":\"https:\/\/www.kyushoaikijutsuvantaa.fi\/#website\",\"url\":\"https:\/\/www.kyushoaikijutsuvantaa.fi\/\",\"name\":\"kyushoaikijutsuvantaa.fi\",\"description\":\"Vantaalainen Itsepuolustus- ja taistelulaji seura\",\"publisher\":{\"@id\":\"https:\/\/www.kyushoaikijutsuvantaa.fi\/#organization\"},\"potentialAction\":[{\"@type\":\"SearchAction\",\"target\":{\"@type\":\"EntryPoint\",\"urlTemplate\":\"https:\/\/www.kyushoaikijutsuvantaa.fi\/?s={search_term_string}\"},\"query-input\":{\"@type\":\"PropertyValueSpecification\",\"valueRequired\":true,\"valueName\":\"search_term_string\"}}],\"inLanguage\":\"fi\"},{\"@type\":\"Organization\",\"@id\":\"https:\/\/www.kyushoaikijutsuvantaa.fi\/#organization\",\"name\":\"Kyusho Aiki Jutsu Vantaa Ry\",\"url\":\"https:\/\/www.kyushoaikijutsuvantaa.fi\/\",\"logo\":{\"@type\":\"ImageObject\",\"inLanguage\":\"fi\",\"@id\":\"https:\/\/www.kyushoaikijutsuvantaa.fi\/#\/schema\/logo\/image\/\",\"url\":\"https:\/\/www.kyushoaikijutsuvantaa.fi\/wp-content\/uploads\/2017\/10\/cropped-Kaj_logo.jpg\",\"contentUrl\":\"https:\/\/www.kyushoaikijutsuvantaa.fi\/wp-content\/uploads\/2017\/10\/cropped-Kaj_logo.jpg\",\"width\":250,\"height\":250,\"caption\":\"Kyusho Aiki Jutsu Vantaa Ry\"},\"image\":{\"@id\":\"https:\/\/www.kyushoaikijutsuvantaa.fi\/#\/schema\/logo\/image\/\"},\"sameAs\":[\"https:\/\/www.facebook.com\/kyushoaikijutsuvantaa\/\",\"https:\/\/www.instagram.com\/kyusho_aiki_jutsu_vantaa\/\",\"https:\/\/www.youtube.com\/channel\/UCib3YWyjmOD0tphTx8ah6bQ\"]}]}<\/script>\n<!-- \/ Yoast SEO plugin. -->","yoast_head_json":{"title":"Media - kyushoaikijutsuvantaa.fi","robots":{"index":"index","follow":"follow","max-snippet":"max-snippet:-1","max-image-preview":"max-image-preview:large","max-video-preview":"max-video-preview:-1"},"canonical":"https:\/\/www.kyushoaikijutsuvantaa.fi\/?page_id=63","og_locale":"fi_FI","og_type":"article","og_title":"Media - kyushoaikijutsuvantaa.fi","og_description":"Videoita Artikkeleita Lukusuosituksia TOP 10 by Toni Kauhanen 1. Transparent Power; Tatsuo Kimura2. Ryute no michi; Seiyu Oyata&nbsp;3. Strikes Soul meet Body; Vladimir Vasilev4. Small-circle jujitsu; Wally Jay5. Dynamic Aikido; Gozo Shioda (my\u00f6s muut h\u00e4nen teokset)6. Kyusho kenkyukai; Seiko Fujita7. Bubishi; Patrick McCarthy8. Intuition; Osho9. Mind Power; James Borg10. Kyusho-jitsu\/Ryukyu-kempo\/Tuit\u00e9; Dillman with Thomas","og_url":"https:\/\/www.kyushoaikijutsuvantaa.fi\/?page_id=63","og_site_name":"kyushoaikijutsuvantaa.fi","article_publisher":"https:\/\/www.facebook.com\/kyushoaikijutsuvantaa\/","article_modified_time":"2025-08-21T06:52:30+00:00","twitter_card":"summary_large_image","twitter_misc":{"Arvioitu lukuaika":"1 minuutti"},"schema":{"@context":"https:\/\/schema.org","@graph":[{"@type":"WebPage","@id":"https:\/\/www.kyushoaikijutsuvantaa.fi\/?page_id=63","url":"https:\/\/www.kyushoaikijutsuvantaa.fi\/?page_id=63","name":"Media - kyushoaikijutsuvantaa.fi","isPartOf":{"@id":"https:\/\/www.kyushoaikijutsuvantaa.fi\/#website"},"datePublished":"2017-10-12T03:33:31+00:00","dateModified":"2025-08-21T06:52:30+00:00","breadcrumb":{"@id":"https:\/\/www.kyushoaikijutsuvantaa.fi\/?page_id=63#breadcrumb"},"inLanguage":"fi","potentialAction":[{"@type":"ReadAction","target":["https:\/\/www.kyushoaikijutsuvantaa.fi\/?page_id=63"]}]},{"@type":"BreadcrumbList","@id":"https:\/\/www.kyushoaikijutsuvantaa.fi\/?page_id=63#breadcrumb","itemListElement":[{"@type":"ListItem","position":1,"name":"Home","item":"https:\/\/www.kyushoaikijutsuvantaa.fi\/"},{"@type":"ListItem","position":2,"name":"Media"}]},{"@type":"WebSite","@id":"https:\/\/www.kyushoaikijutsuvantaa.fi\/#website","url":"https:\/\/www.kyushoaikijutsuvantaa.fi\/","name":"kyushoaikijutsuvantaa.fi","description":"Vantaalainen Itsepuolustus- ja taistelulaji seura","publisher":{"@id":"https:\/\/www.kyushoaikijutsuvantaa.fi\/#organization"},"potentialAction":[{"@type":"SearchAction","target":{"@type":"EntryPoint","urlTemplate":"https:\/\/www.kyushoaikijutsuvantaa.fi\/?s={search_term_string}"},"query-input":{"@type":"PropertyValueSpecification","valueRequired":true,"valueName":"search_term_string"}}],"inLanguage":"fi"},{"@type":"Organization","@id":"https:\/\/www.kyushoaikijutsuvantaa.fi\/#organization","name":"Kyusho Aiki Jutsu Vantaa Ry","url":"https:\/\/www.kyushoaikijutsuvantaa.fi\/","logo":{"@type":"ImageObject","inLanguage":"fi","@id":"https:\/\/www.kyushoaikijutsuvantaa.fi\/#\/schema\/logo\/image\/","url":"https:\/\/www.kyushoaikijutsuvantaa.fi\/wp-content\/uploads\/2017\/10\/cropped-Kaj_logo.jpg","contentUrl":"https:\/\/www.kyushoaikijutsuvantaa.fi\/wp-content\/uploads\/2017\/10\/cropped-Kaj_logo.jpg","width":250,"height":250,"caption":"Kyusho Aiki Jutsu Vantaa Ry"},"image":{"@id":"https:\/\/www.kyushoaikijutsuvantaa.fi\/#\/schema\/logo\/image\/"},"sameAs":["https:\/\/www.facebook.com\/kyushoaikijutsuvantaa\/","https:\/\/www.instagram.com\/kyusho_aiki_jutsu_vantaa\/","https:\/\/www.youtube.com\/channel\/UCib3YWyjmOD0tphTx8ah6bQ"]}]}},"_links":{"self":[{"href":"https:\/\/www.kyushoaikijutsuvantaa.fi\/index.php?rest_route=\/wp\/v2\/pages\/63","targetHints":{"allow":["GET"]}}],"collection":[{"href":"https:\/\/www.kyushoaikijutsuvantaa.fi\/index.php?rest_route=\/wp\/v2\/pages"}],"about":[{"href":"https:\/\/www.kyushoaikijutsuvantaa.fi\/index.php?rest_route=\/wp\/v2\/types\/page"}],"author":[{"embeddable":true,"href":"https:\/\/www.kyushoaikijutsuvantaa.fi\/index.php?rest_route=\/wp\/v2\/users\/2"}],"replies":[{"embeddable":true,"href":"https:\/\/www.kyushoaikijutsuvantaa.fi\/index.php?rest_route=%2Fwp%2Fv2%2Fcomments&post=63"}],"version-history":[{"count":30,"href":"https:\/\/www.kyushoaikijutsuvantaa.fi\/index.php?rest_route=\/wp\/v2\/pages\/63\/revisions"}],"predecessor-version":[{"id":741,"href":"https:\/\/www.kyushoaikijutsuvantaa.fi\/index.php?rest_route=\/wp\/v2\/pages\/63\/revisions\/741"}],"wp:attachment":[{"href":"https:\/\/www.kyushoaikijutsuvantaa.fi\/index.php?rest_route=%2Fwp%2Fv2%2Fmedia&parent=63"}],"curies":[{"name":"wp","href":"https:\/\/api.w.org\/{rel}","templated":true}]}}