{"id":230,"date":"2018-05-21T10:04:23","date_gmt":"2018-05-21T07:04:23","guid":{"rendered":"http:\/\/www.kyushoaikijutsuvantaa.fi\/?page_id=230"},"modified":"2018-05-21T10:05:06","modified_gmt":"2018-05-21T07:05:06","slug":"gdpr","status":"publish","type":"page","link":"https:\/\/www.kyushoaikijutsuvantaa.fi\/?page_id=230","title":{"rendered":"GDPR"},"content":{"rendered":"<h1><strong>Kyusho Aiki Jutsu Vantaa Ry \u2013 Rekisteriseloste <\/strong><\/h1>\n<p>Kyusho Aiki Jutsu Vantaa Ry:n seloste tietojen k\u00e4sittelytoimista<strong style=\"font-size: 1rem;\">.<\/strong><\/p>\n<p><strong style=\"font-size: 1rem;\"> 1. Rekisterinpit\u00e4j\u00e4<\/strong><\/p>\n<p>Nimi: Kyusho Aiki Jutsu Vantaa ry<br \/>\nRekisterinumero: 172.6022<\/p>\n<p><strong style=\"font-size: 1rem;\">2. Yhteyshenkil\u00f6 rekisteri\u00e4 koskevissa asioissa<\/strong><\/p>\n<p>Kai Arola<br \/>\nS\u00e4hk\u00f6posti: <a href=\"mailto:kai.arola@kyushoaikijutsuvantaa.fi\">kai.arola@kyushoaikijutsuvantaa.fi<\/a><\/p>\n<p><strong style=\"font-size: 1rem;\">3. Rekisterin nimi<\/strong><\/p>\n<p>Kyusho Aiki Jutsu Vantaa ry:n j\u00e4senrekisteri<\/p>\n<p><strong style=\"font-size: 1rem;\">4. Rekisterin kuvaus<\/strong><\/p>\n<p>J\u00e4senluetteloa yll\u00e4pidet\u00e4\u00e4n seuran j\u00e4senrekisteriss\u00e4, johon ker\u00e4t\u00e4\u00e4n my\u00f6s muita henkil\u00f6tietoja seuran sis\u00e4isen viestinn\u00e4n sek\u00e4 laskutuksen mahdollistamiseksi.\u00a0Rekisterinpit\u00e4j\u00e4 saa k\u00e4ytt\u00f6oikeuden rekister\u00f6ityihin tietoihin ja rekister\u00f6idylle ilmoitettuun k\u00e4ytt\u00f6tarkoitukseen.<\/p>\n<p>KER\u00c4TT\u00c4V\u00c4T TIEDOT<br \/>\nJ\u00e4senrekisteriin ker\u00e4t\u00e4\u00e4n seuraavat henkil\u00f6tiedot:<\/p>\n<p>Nimi, puhelinnumero, s\u00e4hk\u00f6postiosoite, vy\u00f6arvo ja vy\u00f6n my\u00f6nt\u00e4misp\u00e4iv\u00e4m\u00e4\u00e4r\u00e4.<\/p>\n<p><strong style=\"font-size: 1rem;\">5. Henkil\u00f6tietojen k\u00e4sittely ja k\u00e4ytt\u00f6<\/strong><\/p>\n<p>TIETOJEN K\u00c4YTT\u00d6<br \/>\nJ\u00e4senrekisterin k\u00e4sittelij\u00e4 k\u00e4ytt\u00e4\u00e4 henkil\u00f6n henkil\u00f6tietoja ainoastaan seuran sis\u00e4isess\u00e4 viestint\u00e4- ja tiedottamistarkoituksessa, laskutukseen liittyviss\u00e4 toimissa. Tietoja ei luovuteta muun ulkopuolisen, kuin Kyushoaikijutsu Intenational -liiton, k\u00e4ytt\u00f6\u00f6n ja tietoja s\u00e4ilytet\u00e4\u00e4n rekisterinpit\u00e4j\u00e4n hallinnoimassa tietoj\u00e4rjestelm\u00e4ss\u00e4, johon on p\u00e4\u00e4sy vain rekisterinpit\u00e4j\u00e4ll\u00e4.<\/p>\n<p><strong style=\"font-size: 1rem;\">6. Henkil\u00f6tietojen tarkistaminen, muokkaaminen ja poistaminen<\/strong><\/p>\n<p>J\u00e4senell\u00e4 on oikeus tarkistaa, muokata ja poistaa tietojaan j\u00e4senrekisteriss\u00e4. Rekisterinpit\u00e4j\u00e4 voi muokata tietoja virhetilanteiden korjaamisen yhteydess\u00e4. Rekister\u00f6itynyt k\u00e4ytt\u00e4j\u00e4 voi pyyt\u00e4\u00e4 rekisterinpit\u00e4j\u00e4\u00e4 n\u00e4ytt\u00e4m\u00e4\u00e4n omat tietonsa ja pyyt\u00e4\u00e4 tietojen muokkausta.<\/p>\n<p><strong style=\"font-size: 1rem;\">7. Omien tietojen poistaminen<\/strong><\/p>\n<p>Rekister\u00f6ity voi muokata omia tietojaan ja\/tai pyyt\u00e4\u00e4 omien tietojen t\u00e4ydellist\u00e4 poistoa j\u00e4senyyden p\u00e4\u00e4tytty\u00e4. J\u00e4senrekisterist\u00e4 poistetaan vuosittain j\u00e4senet, jotka eiv\u00e4t ole maksaneet j\u00e4senmaksua kyseess\u00e4 olevalle kaudelle.<\/p>\n","protected":false},"excerpt":{"rendered":"<p>Kyusho Aiki Jutsu Vantaa Ry \u2013 Rekisteriseloste Kyusho Aiki Jutsu Vantaa Ry:n seloste tietojen k\u00e4sittelytoimista. 1. Rekisterinpit\u00e4j\u00e4 Nimi: Kyusho Aiki Jutsu Vantaa ry Rekisterinumero: 172.6022 2. Yhteyshenkil\u00f6 rekisteri\u00e4 koskevissa asioissa Kai Arola S\u00e4hk\u00f6posti: kai.arola@kyushoaikijutsuvantaa.fi 3. Rekisterin nimi Kyusho Aiki Jutsu Vantaa ry:n j\u00e4senrekisteri 4. Rekisterin kuvaus J\u00e4senluetteloa yll\u00e4pidet\u00e4\u00e4n seuran j\u00e4senrekisteriss\u00e4, johon ker\u00e4t\u00e4\u00e4n my\u00f6s muita henkil\u00f6tietoja &hellip; <\/p>\n<p class=\"link-more\"><a href=\"https:\/\/www.kyushoaikijutsuvantaa.fi\/?page_id=230\" class=\"more-link\">Jatka lukemista<span class=\"screen-reader-text\"> &#8221;GDPR&#8221;<\/span><\/a><\/p>\n","protected":false},"author":2,"featured_media":0,"parent":0,"menu_order":0,"comment_status":"closed","ping_status":"closed","template":"","meta":{"footnotes":""},"class_list":["post-230","page","type-page","status-publish","hentry"],"yoast_head":"<!-- This site is optimized with the Yoast SEO plugin v24.0 - https:\/\/yoast.com\/wordpress\/plugins\/seo\/ -->\n<title>GDPR - kyushoaikijutsuvantaa.fi<\/title>\n<meta name=\"robots\" content=\"index, follow, max-snippet:-1, max-image-preview:large, max-video-preview:-1\" \/>\n<link rel=\"canonical\" href=\"https:\/\/www.kyushoaikijutsuvantaa.fi\/?page_id=230\" \/>\n<meta property=\"og:locale\" content=\"fi_FI\" \/>\n<meta property=\"og:type\" content=\"article\" \/>\n<meta property=\"og:title\" content=\"GDPR - kyushoaikijutsuvantaa.fi\" \/>\n<meta property=\"og:description\" content=\"Kyusho Aiki Jutsu Vantaa Ry \u2013 Rekisteriseloste Kyusho Aiki Jutsu Vantaa Ry:n seloste tietojen k\u00e4sittelytoimista. 1. Rekisterinpit\u00e4j\u00e4 Nimi: Kyusho Aiki Jutsu Vantaa ry Rekisterinumero: 172.6022 2. Yhteyshenkil\u00f6 rekisteri\u00e4 koskevissa asioissa Kai Arola S\u00e4hk\u00f6posti: kai.arola@kyushoaikijutsuvantaa.fi 3. Rekisterin nimi Kyusho Aiki Jutsu Vantaa ry:n j\u00e4senrekisteri 4. Rekisterin kuvaus J\u00e4senluetteloa yll\u00e4pidet\u00e4\u00e4n seuran j\u00e4senrekisteriss\u00e4, johon ker\u00e4t\u00e4\u00e4n my\u00f6s muita henkil\u00f6tietoja &hellip; Jatka lukemista &quot;GDPR&quot;\" \/>\n<meta property=\"og:url\" content=\"https:\/\/www.kyushoaikijutsuvantaa.fi\/?page_id=230\" \/>\n<meta property=\"og:site_name\" content=\"kyushoaikijutsuvantaa.fi\" \/>\n<meta property=\"article:publisher\" content=\"https:\/\/www.facebook.com\/kyushoaikijutsuvantaa\/\" \/>\n<meta property=\"article:modified_time\" content=\"2018-05-21T07:05:06+00:00\" \/>\n<meta name=\"twitter:card\" content=\"summary_large_image\" \/>\n<meta name=\"twitter:label1\" content=\"Arvioitu lukuaika\" \/>\n\t<meta name=\"twitter:data1\" content=\"1 minuutti\" \/>\n<script type=\"application\/ld+json\" class=\"yoast-schema-graph\">{\"@context\":\"https:\/\/schema.org\",\"@graph\":[{\"@type\":\"WebPage\",\"@id\":\"https:\/\/www.kyushoaikijutsuvantaa.fi\/?page_id=230\",\"url\":\"https:\/\/www.kyushoaikijutsuvantaa.fi\/?page_id=230\",\"name\":\"GDPR - kyushoaikijutsuvantaa.fi\",\"isPartOf\":{\"@id\":\"https:\/\/www.kyushoaikijutsuvantaa.fi\/#website\"},\"datePublished\":\"2018-05-21T07:04:23+00:00\",\"dateModified\":\"2018-05-21T07:05:06+00:00\",\"breadcrumb\":{\"@id\":\"https:\/\/www.kyushoaikijutsuvantaa.fi\/?page_id=230#breadcrumb\"},\"inLanguage\":\"fi\",\"potentialAction\":[{\"@type\":\"ReadAction\",\"target\":[\"https:\/\/www.kyushoaikijutsuvantaa.fi\/?page_id=230\"]}]},{\"@type\":\"BreadcrumbList\",\"@id\":\"https:\/\/www.kyushoaikijutsuvantaa.fi\/?page_id=230#breadcrumb\",\"itemListElement\":[{\"@type\":\"ListItem\",\"position\":1,\"name\":\"Home\",\"item\":\"https:\/\/www.kyushoaikijutsuvantaa.fi\/\"},{\"@type\":\"ListItem\",\"position\":2,\"name\":\"GDPR\"}]},{\"@type\":\"WebSite\",\"@id\":\"https:\/\/www.kyushoaikijutsuvantaa.fi\/#website\",\"url\":\"https:\/\/www.kyushoaikijutsuvantaa.fi\/\",\"name\":\"kyushoaikijutsuvantaa.fi\",\"description\":\"Vantaalainen Itsepuolustus- ja taistelulaji seura\",\"publisher\":{\"@id\":\"https:\/\/www.kyushoaikijutsuvantaa.fi\/#organization\"},\"potentialAction\":[{\"@type\":\"SearchAction\",\"target\":{\"@type\":\"EntryPoint\",\"urlTemplate\":\"https:\/\/www.kyushoaikijutsuvantaa.fi\/?s={search_term_string}\"},\"query-input\":{\"@type\":\"PropertyValueSpecification\",\"valueRequired\":true,\"valueName\":\"search_term_string\"}}],\"inLanguage\":\"fi\"},{\"@type\":\"Organization\",\"@id\":\"https:\/\/www.kyushoaikijutsuvantaa.fi\/#organization\",\"name\":\"Kyusho Aiki Jutsu Vantaa Ry\",\"url\":\"https:\/\/www.kyushoaikijutsuvantaa.fi\/\",\"logo\":{\"@type\":\"ImageObject\",\"inLanguage\":\"fi\",\"@id\":\"https:\/\/www.kyushoaikijutsuvantaa.fi\/#\/schema\/logo\/image\/\",\"url\":\"https:\/\/www.kyushoaikijutsuvantaa.fi\/wp-content\/uploads\/2017\/10\/cropped-Kaj_logo.jpg\",\"contentUrl\":\"https:\/\/www.kyushoaikijutsuvantaa.fi\/wp-content\/uploads\/2017\/10\/cropped-Kaj_logo.jpg\",\"width\":250,\"height\":250,\"caption\":\"Kyusho Aiki Jutsu Vantaa Ry\"},\"image\":{\"@id\":\"https:\/\/www.kyushoaikijutsuvantaa.fi\/#\/schema\/logo\/image\/\"},\"sameAs\":[\"https:\/\/www.facebook.com\/kyushoaikijutsuvantaa\/\",\"https:\/\/www.instagram.com\/kyusho_aiki_jutsu_vantaa\/\",\"https:\/\/www.youtube.com\/channel\/UCib3YWyjmOD0tphTx8ah6bQ\"]}]}<\/script>\n<!-- \/ Yoast SEO plugin. -->","yoast_head_json":{"title":"GDPR - kyushoaikijutsuvantaa.fi","robots":{"index":"index","follow":"follow","max-snippet":"max-snippet:-1","max-image-preview":"max-image-preview:large","max-video-preview":"max-video-preview:-1"},"canonical":"https:\/\/www.kyushoaikijutsuvantaa.fi\/?page_id=230","og_locale":"fi_FI","og_type":"article","og_title":"GDPR - kyushoaikijutsuvantaa.fi","og_description":"Kyusho Aiki Jutsu Vantaa Ry \u2013 Rekisteriseloste Kyusho Aiki Jutsu Vantaa Ry:n seloste tietojen k\u00e4sittelytoimista. 1. Rekisterinpit\u00e4j\u00e4 Nimi: Kyusho Aiki Jutsu Vantaa ry Rekisterinumero: 172.6022 2. Yhteyshenkil\u00f6 rekisteri\u00e4 koskevissa asioissa Kai Arola S\u00e4hk\u00f6posti: kai.arola@kyushoaikijutsuvantaa.fi 3. Rekisterin nimi Kyusho Aiki Jutsu Vantaa ry:n j\u00e4senrekisteri 4. Rekisterin kuvaus J\u00e4senluetteloa yll\u00e4pidet\u00e4\u00e4n seuran j\u00e4senrekisteriss\u00e4, johon ker\u00e4t\u00e4\u00e4n my\u00f6s muita henkil\u00f6tietoja &hellip; Jatka lukemista \"GDPR\"","og_url":"https:\/\/www.kyushoaikijutsuvantaa.fi\/?page_id=230","og_site_name":"kyushoaikijutsuvantaa.fi","article_publisher":"https:\/\/www.facebook.com\/kyushoaikijutsuvantaa\/","article_modified_time":"2018-05-21T07:05:06+00:00","twitter_card":"summary_large_image","twitter_misc":{"Arvioitu lukuaika":"1 minuutti"},"schema":{"@context":"https:\/\/schema.org","@graph":[{"@type":"WebPage","@id":"https:\/\/www.kyushoaikijutsuvantaa.fi\/?page_id=230","url":"https:\/\/www.kyushoaikijutsuvantaa.fi\/?page_id=230","name":"GDPR - kyushoaikijutsuvantaa.fi","isPartOf":{"@id":"https:\/\/www.kyushoaikijutsuvantaa.fi\/#website"},"datePublished":"2018-05-21T07:04:23+00:00","dateModified":"2018-05-21T07:05:06+00:00","breadcrumb":{"@id":"https:\/\/www.kyushoaikijutsuvantaa.fi\/?page_id=230#breadcrumb"},"inLanguage":"fi","potentialAction":[{"@type":"ReadAction","target":["https:\/\/www.kyushoaikijutsuvantaa.fi\/?page_id=230"]}]},{"@type":"BreadcrumbList","@id":"https:\/\/www.kyushoaikijutsuvantaa.fi\/?page_id=230#breadcrumb","itemListElement":[{"@type":"ListItem","position":1,"name":"Home","item":"https:\/\/www.kyushoaikijutsuvantaa.fi\/"},{"@type":"ListItem","position":2,"name":"GDPR"}]},{"@type":"WebSite","@id":"https:\/\/www.kyushoaikijutsuvantaa.fi\/#website","url":"https:\/\/www.kyushoaikijutsuvantaa.fi\/","name":"kyushoaikijutsuvantaa.fi","description":"Vantaalainen Itsepuolustus- ja taistelulaji seura","publisher":{"@id":"https:\/\/www.kyushoaikijutsuvantaa.fi\/#organization"},"potentialAction":[{"@type":"SearchAction","target":{"@type":"EntryPoint","urlTemplate":"https:\/\/www.kyushoaikijutsuvantaa.fi\/?s={search_term_string}"},"query-input":{"@type":"PropertyValueSpecification","valueRequired":true,"valueName":"search_term_string"}}],"inLanguage":"fi"},{"@type":"Organization","@id":"https:\/\/www.kyushoaikijutsuvantaa.fi\/#organization","name":"Kyusho Aiki Jutsu Vantaa Ry","url":"https:\/\/www.kyushoaikijutsuvantaa.fi\/","logo":{"@type":"ImageObject","inLanguage":"fi","@id":"https:\/\/www.kyushoaikijutsuvantaa.fi\/#\/schema\/logo\/image\/","url":"https:\/\/www.kyushoaikijutsuvantaa.fi\/wp-content\/uploads\/2017\/10\/cropped-Kaj_logo.jpg","contentUrl":"https:\/\/www.kyushoaikijutsuvantaa.fi\/wp-content\/uploads\/2017\/10\/cropped-Kaj_logo.jpg","width":250,"height":250,"caption":"Kyusho Aiki Jutsu Vantaa Ry"},"image":{"@id":"https:\/\/www.kyushoaikijutsuvantaa.fi\/#\/schema\/logo\/image\/"},"sameAs":["https:\/\/www.facebook.com\/kyushoaikijutsuvantaa\/","https:\/\/www.instagram.com\/kyusho_aiki_jutsu_vantaa\/","https:\/\/www.youtube.com\/channel\/UCib3YWyjmOD0tphTx8ah6bQ"]}]}},"_links":{"self":[{"href":"https:\/\/www.kyushoaikijutsuvantaa.fi\/index.php?rest_route=\/wp\/v2\/pages\/230","targetHints":{"allow":["GET"]}}],"collection":[{"href":"https:\/\/www.kyushoaikijutsuvantaa.fi\/index.php?rest_route=\/wp\/v2\/pages"}],"about":[{"href":"https:\/\/www.kyushoaikijutsuvantaa.fi\/index.php?rest_route=\/wp\/v2\/types\/page"}],"author":[{"embeddable":true,"href":"https:\/\/www.kyushoaikijutsuvantaa.fi\/index.php?rest_route=\/wp\/v2\/users\/2"}],"replies":[{"embeddable":true,"href":"https:\/\/www.kyushoaikijutsuvantaa.fi\/index.php?rest_route=%2Fwp%2Fv2%2Fcomments&post=230"}],"version-history":[{"count":1,"href":"https:\/\/www.kyushoaikijutsuvantaa.fi\/index.php?rest_route=\/wp\/v2\/pages\/230\/revisions"}],"predecessor-version":[{"id":231,"href":"https:\/\/www.kyushoaikijutsuvantaa.fi\/index.php?rest_route=\/wp\/v2\/pages\/230\/revisions\/231"}],"wp:attachment":[{"href":"https:\/\/www.kyushoaikijutsuvantaa.fi\/index.php?rest_route=%2Fwp%2Fv2%2Fmedia&parent=230"}],"curies":[{"name":"wp","href":"https:\/\/api.w.org\/{rel}","templated":true}]}}