{"id":18,"date":"2017-10-11T20:05:06","date_gmt":"2017-10-11T17:05:06","guid":{"rendered":"http:\/\/www.kyushoaikijutsuvantaa.fi\/?page_id=18"},"modified":"2025-08-03T12:15:19","modified_gmt":"2025-08-03T09:15:19","slug":"ota-yhteytta","status":"publish","type":"page","link":"https:\/\/www.kyushoaikijutsuvantaa.fi\/?page_id=18","title":{"rendered":"Ota yhteytt\u00e4"},"content":{"rendered":"<p><em>Otamme mielell\u00e4\u00e4n uusia harrastajia seuraamme. <\/p>\n<p>Pid\u00e4mme 1-2 kertaa vuodessa aloituskurssin kauden alussa , josta saat hyv\u00e4n k\u00e4sityksen lajin perusteita. Voit aloittaa Kyusho Aiki Jutsun harrastaminen my\u00f6s kesken kauden tulemalla suoraan treeneihin. . <\/em><\/p>\n<p><em>Ota mukaasi harjoitusasu, sis\u00e4liikunta- tai kamppailulajiasu. Ik\u00e4rajamme on 18-vuotta.<\/p>\n<p>Treenaamme Vantaalla Rajatorpan kalliosuojassa, Rajatorpantie 27. Treenit ovat \u00a0tiistaisin ja torstaisin kello 1900-20.30.\u00a0<\/p>\n<p><\/em><em>Ota yhteytt\u00e4 niin kerromme tarkemmat tiedot.<\/em><\/p>\n<p><strong style=\"font-size: inherit;\"><span style=\"text-decoration: underline;\">VANTAA:<br \/><\/span><\/strong>Janne T\u00e4htinen<br \/>janne.tahtinen(at)kyushoaikijutsuvantaa.fi<strong><\/p>\n<p><\/strong><strong>HELSINKI:<br \/><\/strong>Jarkolta voi kysell\u00e4 mahdollisuutta treenata my\u00f6s It\u00e4-Helsingiss\u00e4.<br \/>Jarkko Korhonen<br \/>jarkko.korhonen(at)kyushoaikijutsuvantaa.fi<br \/>050-3412408<\/p>\n\n\n<figure class=\"wp-block-gallery has-nested-images columns-default is-cropped wp-block-gallery-1 is-layout-flex wp-block-gallery-is-layout-flex\">\n<figure class=\"wp-block-image size-large\"><img loading=\"lazy\" decoding=\"async\" width=\"1024\" height=\"768\" data-id=\"42\" src=\"http:\/\/www.kyushoaikijutsuvantaa.fi\/wp-content\/uploads\/2017\/10\/DSC03030-1024x768.jpg\" alt=\"\" class=\"wp-image-42\" srcset=\"https:\/\/www.kyushoaikijutsuvantaa.fi\/wp-content\/uploads\/2017\/10\/DSC03030-1024x768.jpg 1024w, https:\/\/www.kyushoaikijutsuvantaa.fi\/wp-content\/uploads\/2017\/10\/DSC03030-300x225.jpg 300w, https:\/\/www.kyushoaikijutsuvantaa.fi\/wp-content\/uploads\/2017\/10\/DSC03030-768x576.jpg 768w, https:\/\/www.kyushoaikijutsuvantaa.fi\/wp-content\/uploads\/2017\/10\/DSC03030.jpg 2048w\" sizes=\"auto, (max-width: 706px) 89vw, (max-width: 767px) 82vw, 740px\" \/><\/figure>\n<\/figure>\n\n\n\n<figure class=\"wp-block-image size-large\"><img loading=\"lazy\" decoding=\"async\" width=\"1024\" height=\"768\" src=\"http:\/\/www.kyushoaikijutsuvantaa.fi\/wp-content\/uploads\/2021\/06\/Kalliosuoja_Rajatorppa-1024x768.jpg\" alt=\"\" class=\"wp-image-533\" srcset=\"https:\/\/www.kyushoaikijutsuvantaa.fi\/wp-content\/uploads\/2021\/06\/Kalliosuoja_Rajatorppa-1024x768.jpg 1024w, https:\/\/www.kyushoaikijutsuvantaa.fi\/wp-content\/uploads\/2021\/06\/Kalliosuoja_Rajatorppa-300x225.jpg 300w, https:\/\/www.kyushoaikijutsuvantaa.fi\/wp-content\/uploads\/2021\/06\/Kalliosuoja_Rajatorppa-768x576.jpg 768w, https:\/\/www.kyushoaikijutsuvantaa.fi\/wp-content\/uploads\/2021\/06\/Kalliosuoja_Rajatorppa-1536x1152.jpg 1536w, https:\/\/www.kyushoaikijutsuvantaa.fi\/wp-content\/uploads\/2021\/06\/Kalliosuoja_Rajatorppa-2048x1536.jpg 2048w\" sizes=\"auto, (max-width: 706px) 89vw, (max-width: 767px) 82vw, 740px\" \/><\/figure>\n","protected":false},"excerpt":{"rendered":"<p>Otamme mielell\u00e4\u00e4n uusia harrastajia seuraamme. Pid\u00e4mme 1-2 kertaa vuodessa aloituskurssin kauden alussa , josta saat hyv\u00e4n k\u00e4sityksen lajin perusteita. Voit aloittaa Kyusho Aiki Jutsun harrastaminen my\u00f6s kesken kauden tulemalla suoraan treeneihin. . Ota mukaasi harjoitusasu, sis\u00e4liikunta- tai kamppailulajiasu. Ik\u00e4rajamme on 18-vuotta. Treenaamme Vantaalla Rajatorpan kalliosuojassa, Rajatorpantie 27. Treenit ovat \u00a0tiistaisin ja torstaisin kello 1900-20.30.\u00a0 Ota &hellip; <\/p>\n<p class=\"link-more\"><a href=\"https:\/\/www.kyushoaikijutsuvantaa.fi\/?page_id=18\" class=\"more-link\">Jatka lukemista<span class=\"screen-reader-text\"> &#8221;Ota yhteytt\u00e4&#8221;<\/span><\/a><\/p>\n","protected":false},"author":1,"featured_media":52,"parent":0,"menu_order":0,"comment_status":"closed","ping_status":"closed","template":"","meta":{"footnotes":""},"class_list":["post-18","page","type-page","status-publish","has-post-thumbnail","hentry"],"yoast_head":"<!-- This site is optimized with the Yoast SEO plugin v24.0 - https:\/\/yoast.com\/wordpress\/plugins\/seo\/ -->\n<title>Ota yhteytt\u00e4 - kyushoaikijutsuvantaa.fi<\/title>\n<meta name=\"robots\" content=\"index, follow, max-snippet:-1, max-image-preview:large, max-video-preview:-1\" \/>\n<link rel=\"canonical\" href=\"https:\/\/www.kyushoaikijutsuvantaa.fi\/?page_id=18\" \/>\n<meta property=\"og:locale\" content=\"fi_FI\" \/>\n<meta property=\"og:type\" content=\"article\" \/>\n<meta property=\"og:title\" content=\"Ota yhteytt\u00e4 - kyushoaikijutsuvantaa.fi\" \/>\n<meta property=\"og:description\" content=\"Otamme mielell\u00e4\u00e4n uusia harrastajia seuraamme. Pid\u00e4mme 1-2 kertaa vuodessa aloituskurssin kauden alussa , josta saat hyv\u00e4n k\u00e4sityksen lajin perusteita. Voit aloittaa Kyusho Aiki Jutsun harrastaminen my\u00f6s kesken kauden tulemalla suoraan treeneihin. . Ota mukaasi harjoitusasu, sis\u00e4liikunta- tai kamppailulajiasu. Ik\u00e4rajamme on 18-vuotta. Treenaamme Vantaalla Rajatorpan kalliosuojassa, Rajatorpantie 27. Treenit ovat \u00a0tiistaisin ja torstaisin kello 1900-20.30.\u00a0 Ota &hellip; Jatka lukemista &quot;Ota yhteytt\u00e4&quot;\" \/>\n<meta property=\"og:url\" content=\"https:\/\/www.kyushoaikijutsuvantaa.fi\/?page_id=18\" \/>\n<meta property=\"og:site_name\" content=\"kyushoaikijutsuvantaa.fi\" \/>\n<meta property=\"article:publisher\" content=\"https:\/\/www.facebook.com\/kyushoaikijutsuvantaa\/\" \/>\n<meta property=\"article:modified_time\" content=\"2025-08-03T09:15:19+00:00\" \/>\n<meta property=\"og:image\" content=\"https:\/\/www.kyushoaikijutsuvantaa.fi\/wp-content\/uploads\/2017\/10\/DSC03069.jpg\" \/>\n\t<meta property=\"og:image:width\" content=\"2048\" \/>\n\t<meta property=\"og:image:height\" content=\"1536\" \/>\n\t<meta property=\"og:image:type\" content=\"image\/jpeg\" \/>\n<meta name=\"twitter:card\" content=\"summary_large_image\" \/>\n<meta name=\"twitter:label1\" content=\"Arvioitu lukuaika\" \/>\n\t<meta name=\"twitter:data1\" content=\"1 minuutti\" \/>\n<script type=\"application\/ld+json\" class=\"yoast-schema-graph\">{\"@context\":\"https:\/\/schema.org\",\"@graph\":[{\"@type\":\"WebPage\",\"@id\":\"https:\/\/www.kyushoaikijutsuvantaa.fi\/?page_id=18\",\"url\":\"https:\/\/www.kyushoaikijutsuvantaa.fi\/?page_id=18\",\"name\":\"Ota yhteytt\u00e4 - kyushoaikijutsuvantaa.fi\",\"isPartOf\":{\"@id\":\"https:\/\/www.kyushoaikijutsuvantaa.fi\/#website\"},\"primaryImageOfPage\":{\"@id\":\"https:\/\/www.kyushoaikijutsuvantaa.fi\/?page_id=18#primaryimage\"},\"image\":{\"@id\":\"https:\/\/www.kyushoaikijutsuvantaa.fi\/?page_id=18#primaryimage\"},\"thumbnailUrl\":\"https:\/\/www.kyushoaikijutsuvantaa.fi\/wp-content\/uploads\/2017\/10\/DSC03069.jpg\",\"datePublished\":\"2017-10-11T17:05:06+00:00\",\"dateModified\":\"2025-08-03T09:15:19+00:00\",\"breadcrumb\":{\"@id\":\"https:\/\/www.kyushoaikijutsuvantaa.fi\/?page_id=18#breadcrumb\"},\"inLanguage\":\"fi\",\"potentialAction\":[{\"@type\":\"ReadAction\",\"target\":[\"https:\/\/www.kyushoaikijutsuvantaa.fi\/?page_id=18\"]}]},{\"@type\":\"ImageObject\",\"inLanguage\":\"fi\",\"@id\":\"https:\/\/www.kyushoaikijutsuvantaa.fi\/?page_id=18#primaryimage\",\"url\":\"https:\/\/www.kyushoaikijutsuvantaa.fi\/wp-content\/uploads\/2017\/10\/DSC03069.jpg\",\"contentUrl\":\"https:\/\/www.kyushoaikijutsuvantaa.fi\/wp-content\/uploads\/2017\/10\/DSC03069.jpg\",\"width\":2048,\"height\":1536},{\"@type\":\"BreadcrumbList\",\"@id\":\"https:\/\/www.kyushoaikijutsuvantaa.fi\/?page_id=18#breadcrumb\",\"itemListElement\":[{\"@type\":\"ListItem\",\"position\":1,\"name\":\"Home\",\"item\":\"https:\/\/www.kyushoaikijutsuvantaa.fi\/\"},{\"@type\":\"ListItem\",\"position\":2,\"name\":\"Ota yhteytt\u00e4\"}]},{\"@type\":\"WebSite\",\"@id\":\"https:\/\/www.kyushoaikijutsuvantaa.fi\/#website\",\"url\":\"https:\/\/www.kyushoaikijutsuvantaa.fi\/\",\"name\":\"kyushoaikijutsuvantaa.fi\",\"description\":\"Vantaalainen Itsepuolustus- ja taistelulaji seura\",\"publisher\":{\"@id\":\"https:\/\/www.kyushoaikijutsuvantaa.fi\/#organization\"},\"potentialAction\":[{\"@type\":\"SearchAction\",\"target\":{\"@type\":\"EntryPoint\",\"urlTemplate\":\"https:\/\/www.kyushoaikijutsuvantaa.fi\/?s={search_term_string}\"},\"query-input\":{\"@type\":\"PropertyValueSpecification\",\"valueRequired\":true,\"valueName\":\"search_term_string\"}}],\"inLanguage\":\"fi\"},{\"@type\":\"Organization\",\"@id\":\"https:\/\/www.kyushoaikijutsuvantaa.fi\/#organization\",\"name\":\"Kyusho Aiki Jutsu Vantaa Ry\",\"url\":\"https:\/\/www.kyushoaikijutsuvantaa.fi\/\",\"logo\":{\"@type\":\"ImageObject\",\"inLanguage\":\"fi\",\"@id\":\"https:\/\/www.kyushoaikijutsuvantaa.fi\/#\/schema\/logo\/image\/\",\"url\":\"https:\/\/www.kyushoaikijutsuvantaa.fi\/wp-content\/uploads\/2017\/10\/cropped-Kaj_logo.jpg\",\"contentUrl\":\"https:\/\/www.kyushoaikijutsuvantaa.fi\/wp-content\/uploads\/2017\/10\/cropped-Kaj_logo.jpg\",\"width\":250,\"height\":250,\"caption\":\"Kyusho Aiki Jutsu Vantaa Ry\"},\"image\":{\"@id\":\"https:\/\/www.kyushoaikijutsuvantaa.fi\/#\/schema\/logo\/image\/\"},\"sameAs\":[\"https:\/\/www.facebook.com\/kyushoaikijutsuvantaa\/\",\"https:\/\/www.instagram.com\/kyusho_aiki_jutsu_vantaa\/\",\"https:\/\/www.youtube.com\/channel\/UCib3YWyjmOD0tphTx8ah6bQ\"]}]}<\/script>\n<!-- \/ Yoast SEO plugin. -->","yoast_head_json":{"title":"Ota yhteytt\u00e4 - kyushoaikijutsuvantaa.fi","robots":{"index":"index","follow":"follow","max-snippet":"max-snippet:-1","max-image-preview":"max-image-preview:large","max-video-preview":"max-video-preview:-1"},"canonical":"https:\/\/www.kyushoaikijutsuvantaa.fi\/?page_id=18","og_locale":"fi_FI","og_type":"article","og_title":"Ota yhteytt\u00e4 - kyushoaikijutsuvantaa.fi","og_description":"Otamme mielell\u00e4\u00e4n uusia harrastajia seuraamme. Pid\u00e4mme 1-2 kertaa vuodessa aloituskurssin kauden alussa , josta saat hyv\u00e4n k\u00e4sityksen lajin perusteita. Voit aloittaa Kyusho Aiki Jutsun harrastaminen my\u00f6s kesken kauden tulemalla suoraan treeneihin. . Ota mukaasi harjoitusasu, sis\u00e4liikunta- tai kamppailulajiasu. Ik\u00e4rajamme on 18-vuotta. Treenaamme Vantaalla Rajatorpan kalliosuojassa, Rajatorpantie 27. Treenit ovat \u00a0tiistaisin ja torstaisin kello 1900-20.30.\u00a0 Ota &hellip; Jatka lukemista \"Ota yhteytt\u00e4\"","og_url":"https:\/\/www.kyushoaikijutsuvantaa.fi\/?page_id=18","og_site_name":"kyushoaikijutsuvantaa.fi","article_publisher":"https:\/\/www.facebook.com\/kyushoaikijutsuvantaa\/","article_modified_time":"2025-08-03T09:15:19+00:00","og_image":[{"width":2048,"height":1536,"url":"https:\/\/www.kyushoaikijutsuvantaa.fi\/wp-content\/uploads\/2017\/10\/DSC03069.jpg","type":"image\/jpeg"}],"twitter_card":"summary_large_image","twitter_misc":{"Arvioitu lukuaika":"1 minuutti"},"schema":{"@context":"https:\/\/schema.org","@graph":[{"@type":"WebPage","@id":"https:\/\/www.kyushoaikijutsuvantaa.fi\/?page_id=18","url":"https:\/\/www.kyushoaikijutsuvantaa.fi\/?page_id=18","name":"Ota yhteytt\u00e4 - kyushoaikijutsuvantaa.fi","isPartOf":{"@id":"https:\/\/www.kyushoaikijutsuvantaa.fi\/#website"},"primaryImageOfPage":{"@id":"https:\/\/www.kyushoaikijutsuvantaa.fi\/?page_id=18#primaryimage"},"image":{"@id":"https:\/\/www.kyushoaikijutsuvantaa.fi\/?page_id=18#primaryimage"},"thumbnailUrl":"https:\/\/www.kyushoaikijutsuvantaa.fi\/wp-content\/uploads\/2017\/10\/DSC03069.jpg","datePublished":"2017-10-11T17:05:06+00:00","dateModified":"2025-08-03T09:15:19+00:00","breadcrumb":{"@id":"https:\/\/www.kyushoaikijutsuvantaa.fi\/?page_id=18#breadcrumb"},"inLanguage":"fi","potentialAction":[{"@type":"ReadAction","target":["https:\/\/www.kyushoaikijutsuvantaa.fi\/?page_id=18"]}]},{"@type":"ImageObject","inLanguage":"fi","@id":"https:\/\/www.kyushoaikijutsuvantaa.fi\/?page_id=18#primaryimage","url":"https:\/\/www.kyushoaikijutsuvantaa.fi\/wp-content\/uploads\/2017\/10\/DSC03069.jpg","contentUrl":"https:\/\/www.kyushoaikijutsuvantaa.fi\/wp-content\/uploads\/2017\/10\/DSC03069.jpg","width":2048,"height":1536},{"@type":"BreadcrumbList","@id":"https:\/\/www.kyushoaikijutsuvantaa.fi\/?page_id=18#breadcrumb","itemListElement":[{"@type":"ListItem","position":1,"name":"Home","item":"https:\/\/www.kyushoaikijutsuvantaa.fi\/"},{"@type":"ListItem","position":2,"name":"Ota yhteytt\u00e4"}]},{"@type":"WebSite","@id":"https:\/\/www.kyushoaikijutsuvantaa.fi\/#website","url":"https:\/\/www.kyushoaikijutsuvantaa.fi\/","name":"kyushoaikijutsuvantaa.fi","description":"Vantaalainen Itsepuolustus- ja taistelulaji seura","publisher":{"@id":"https:\/\/www.kyushoaikijutsuvantaa.fi\/#organization"},"potentialAction":[{"@type":"SearchAction","target":{"@type":"EntryPoint","urlTemplate":"https:\/\/www.kyushoaikijutsuvantaa.fi\/?s={search_term_string}"},"query-input":{"@type":"PropertyValueSpecification","valueRequired":true,"valueName":"search_term_string"}}],"inLanguage":"fi"},{"@type":"Organization","@id":"https:\/\/www.kyushoaikijutsuvantaa.fi\/#organization","name":"Kyusho Aiki Jutsu Vantaa Ry","url":"https:\/\/www.kyushoaikijutsuvantaa.fi\/","logo":{"@type":"ImageObject","inLanguage":"fi","@id":"https:\/\/www.kyushoaikijutsuvantaa.fi\/#\/schema\/logo\/image\/","url":"https:\/\/www.kyushoaikijutsuvantaa.fi\/wp-content\/uploads\/2017\/10\/cropped-Kaj_logo.jpg","contentUrl":"https:\/\/www.kyushoaikijutsuvantaa.fi\/wp-content\/uploads\/2017\/10\/cropped-Kaj_logo.jpg","width":250,"height":250,"caption":"Kyusho Aiki Jutsu Vantaa Ry"},"image":{"@id":"https:\/\/www.kyushoaikijutsuvantaa.fi\/#\/schema\/logo\/image\/"},"sameAs":["https:\/\/www.facebook.com\/kyushoaikijutsuvantaa\/","https:\/\/www.instagram.com\/kyusho_aiki_jutsu_vantaa\/","https:\/\/www.youtube.com\/channel\/UCib3YWyjmOD0tphTx8ah6bQ"]}]}},"_links":{"self":[{"href":"https:\/\/www.kyushoaikijutsuvantaa.fi\/index.php?rest_route=\/wp\/v2\/pages\/18","targetHints":{"allow":["GET"]}}],"collection":[{"href":"https:\/\/www.kyushoaikijutsuvantaa.fi\/index.php?rest_route=\/wp\/v2\/pages"}],"about":[{"href":"https:\/\/www.kyushoaikijutsuvantaa.fi\/index.php?rest_route=\/wp\/v2\/types\/page"}],"author":[{"embeddable":true,"href":"https:\/\/www.kyushoaikijutsuvantaa.fi\/index.php?rest_route=\/wp\/v2\/users\/1"}],"replies":[{"embeddable":true,"href":"https:\/\/www.kyushoaikijutsuvantaa.fi\/index.php?rest_route=%2Fwp%2Fv2%2Fcomments&post=18"}],"version-history":[{"count":13,"href":"https:\/\/www.kyushoaikijutsuvantaa.fi\/index.php?rest_route=\/wp\/v2\/pages\/18\/revisions"}],"predecessor-version":[{"id":712,"href":"https:\/\/www.kyushoaikijutsuvantaa.fi\/index.php?rest_route=\/wp\/v2\/pages\/18\/revisions\/712"}],"wp:featuredmedia":[{"embeddable":true,"href":"https:\/\/www.kyushoaikijutsuvantaa.fi\/index.php?rest_route=\/wp\/v2\/media\/52"}],"wp:attachment":[{"href":"https:\/\/www.kyushoaikijutsuvantaa.fi\/index.php?rest_route=%2Fwp%2Fv2%2Fmedia&parent=18"}],"curies":[{"name":"wp","href":"https:\/\/api.w.org\/{rel}","templated":true}]}}