{"id":17,"date":"2017-10-11T20:05:06","date_gmt":"2017-10-11T17:05:06","guid":{"rendered":"http:\/\/www.kyushoaikijutsuvantaa.fi\/?page_id=17"},"modified":"2023-06-21T10:56:33","modified_gmt":"2023-06-21T07:56:33","slug":"tietoja","status":"publish","type":"page","link":"https:\/\/www.kyushoaikijutsuvantaa.fi\/?page_id=17","title":{"rendered":"Tietoja"},"content":{"rendered":"<div class=\"textwidget\">\n<p>Kyusho Aiki Jutsu Vantaa kuuluu Kyusho Aiki Jutsu International -liittoon, jonka p\u00e4\u00e4opettajana toimii <a href=\"https:\/\/budoart.fi\/eng\/index.html\">Toni Kauhanen<\/a> 9. dan.<\/p>\n<div class=\"page\" title=\"Page 1\">\n<div class=\"section\">\n<div class=\"layoutArea\">\n<div class=\"column\">\n<h2><strong>Kyusho Aiki Jutsun keskeisimma\u0308t osa-alueet ovat:<\/strong><\/h2>\n<\/div>\n<\/div>\n<\/div>\n<\/div>\n<p><strong>KYUSHO\u00a0 (Kova)<\/strong><br \/>Sana Kyusho k\u00e4\u00e4nnet\u00e4\u00e4n usein tarkoittamaan &#8221;Yhden sekunnin taistelua&#8221;. Kyusho Aiki Jutsussa sanalla kuvataan my\u00f6s lajin kovaa puolta: perustekniikoita, ly\u00f6ntej\u00e4, potkuja, liikesarjoja (Kata), sovellutuksia (Bunkai) sek\u00e4 hermopistetekniikkoja (Kyusho).<br \/><span class=\"text_exposed_show\"><br \/><strong>AIKI (pehme\u00e4)<\/strong><br \/>Vastustajan hy\u00f6kk\u00e4ysvoiman k\u00e4ytt\u00f6 ja ohjaaminen h\u00e4nt\u00e4 itse\u00e4\u00e4n vastaan. Oman kehon luonnollisen asennon, rentouden sek\u00e4\u00a0 hengityksen k\u00e4ytt\u00f6<\/span><span class=\"text_exposed_show\">.<\/span><\/p>\n<p><strong>JUTSU<br \/><\/strong><span class=\"s1\">Taito k\u00e4ytt\u00e4\u00e4 mielt\u00e4 ja kehoa yhdistyneen\u00e4: pehme\u00e4t ja kovat tekniikat toimivat yhdess\u00e4.<br \/><\/span><br \/><strong>TUIT\u00c9<\/strong><br \/><span class=\"s1\">Tuit\u00e9 pit\u00e4\u00e4 sis\u00e4ll\u00e4\u00e4n erityyppisi\u00e4 osa-alueita, kuten esimerkiksi nivelten hallinnan, lihaksiin tarttumisen, kuristukset sek\u00e4 verisuonistoon kohdistuvat hy\u00f6kk\u00e4ykset.<\/span><\/p>\n<p>Lis\u00e4tietoja lajista <a href=\"https:\/\/budoart.fi\/eng\/index.html\">https:\/\/budoart.fi.<\/a><\/p>\n<\/div>\n\n\n<p><\/p>\n","protected":false},"excerpt":{"rendered":"<p>Kyusho Aiki Jutsu Vantaa kuuluu Kyusho Aiki Jutsu International -liittoon, jonka p\u00e4\u00e4opettajana toimii Toni Kauhanen 9. dan. Kyusho Aiki Jutsun keskeisimma\u0308t osa-alueet ovat: KYUSHO\u00a0 (Kova)Sana Kyusho k\u00e4\u00e4nnet\u00e4\u00e4n usein tarkoittamaan &#8221;Yhden sekunnin taistelua&#8221;. Kyusho Aiki Jutsussa sanalla kuvataan my\u00f6s lajin kovaa puolta: perustekniikoita, ly\u00f6ntej\u00e4, potkuja, liikesarjoja (Kata), sovellutuksia (Bunkai) sek\u00e4 hermopistetekniikkoja (Kyusho).AIKI (pehme\u00e4)Vastustajan hy\u00f6kk\u00e4ysvoiman k\u00e4ytt\u00f6 ja &hellip; <\/p>\n<p class=\"link-more\"><a href=\"https:\/\/www.kyushoaikijutsuvantaa.fi\/?page_id=17\" class=\"more-link\">Jatka lukemista<span class=\"screen-reader-text\"> &#8221;Tietoja&#8221;<\/span><\/a><\/p>\n","protected":false},"author":1,"featured_media":42,"parent":0,"menu_order":0,"comment_status":"closed","ping_status":"closed","template":"","meta":{"footnotes":""},"class_list":["post-17","page","type-page","status-publish","has-post-thumbnail","hentry"],"yoast_head":"<!-- This site is optimized with the Yoast SEO plugin v24.0 - https:\/\/yoast.com\/wordpress\/plugins\/seo\/ -->\n<title>Tietoja - kyushoaikijutsuvantaa.fi<\/title>\n<meta name=\"robots\" content=\"index, follow, max-snippet:-1, max-image-preview:large, max-video-preview:-1\" \/>\n<link rel=\"canonical\" href=\"https:\/\/www.kyushoaikijutsuvantaa.fi\/?page_id=17\" \/>\n<meta property=\"og:locale\" content=\"fi_FI\" \/>\n<meta property=\"og:type\" content=\"article\" \/>\n<meta property=\"og:title\" content=\"Tietoja - kyushoaikijutsuvantaa.fi\" \/>\n<meta property=\"og:description\" content=\"Kyusho Aiki Jutsu Vantaa kuuluu Kyusho Aiki Jutsu International -liittoon, jonka p\u00e4\u00e4opettajana toimii Toni Kauhanen 9. dan. Kyusho Aiki Jutsun keskeisimma\u0308t osa-alueet ovat: KYUSHO\u00a0 (Kova)Sana Kyusho k\u00e4\u00e4nnet\u00e4\u00e4n usein tarkoittamaan &#8221;Yhden sekunnin taistelua&#8221;. Kyusho Aiki Jutsussa sanalla kuvataan my\u00f6s lajin kovaa puolta: perustekniikoita, ly\u00f6ntej\u00e4, potkuja, liikesarjoja (Kata), sovellutuksia (Bunkai) sek\u00e4 hermopistetekniikkoja (Kyusho).AIKI (pehme\u00e4)Vastustajan hy\u00f6kk\u00e4ysvoiman k\u00e4ytt\u00f6 ja &hellip; Jatka lukemista &quot;Tietoja&quot;\" \/>\n<meta property=\"og:url\" content=\"https:\/\/www.kyushoaikijutsuvantaa.fi\/?page_id=17\" \/>\n<meta property=\"og:site_name\" content=\"kyushoaikijutsuvantaa.fi\" \/>\n<meta property=\"article:publisher\" content=\"https:\/\/www.facebook.com\/kyushoaikijutsuvantaa\/\" \/>\n<meta property=\"article:modified_time\" content=\"2023-06-21T07:56:33+00:00\" \/>\n<meta property=\"og:image\" content=\"https:\/\/www.kyushoaikijutsuvantaa.fi\/wp-content\/uploads\/2017\/10\/DSC03030.jpg\" \/>\n\t<meta property=\"og:image:width\" content=\"2048\" \/>\n\t<meta property=\"og:image:height\" content=\"1536\" \/>\n\t<meta property=\"og:image:type\" content=\"image\/jpeg\" \/>\n<meta name=\"twitter:card\" content=\"summary_large_image\" \/>\n<meta name=\"twitter:label1\" content=\"Arvioitu lukuaika\" \/>\n\t<meta name=\"twitter:data1\" content=\"1 minuutti\" \/>\n<script type=\"application\/ld+json\" class=\"yoast-schema-graph\">{\"@context\":\"https:\/\/schema.org\",\"@graph\":[{\"@type\":\"WebPage\",\"@id\":\"https:\/\/www.kyushoaikijutsuvantaa.fi\/?page_id=17\",\"url\":\"https:\/\/www.kyushoaikijutsuvantaa.fi\/?page_id=17\",\"name\":\"Tietoja - kyushoaikijutsuvantaa.fi\",\"isPartOf\":{\"@id\":\"https:\/\/www.kyushoaikijutsuvantaa.fi\/#website\"},\"primaryImageOfPage\":{\"@id\":\"https:\/\/www.kyushoaikijutsuvantaa.fi\/?page_id=17#primaryimage\"},\"image\":{\"@id\":\"https:\/\/www.kyushoaikijutsuvantaa.fi\/?page_id=17#primaryimage\"},\"thumbnailUrl\":\"https:\/\/www.kyushoaikijutsuvantaa.fi\/wp-content\/uploads\/2017\/10\/DSC03030.jpg\",\"datePublished\":\"2017-10-11T17:05:06+00:00\",\"dateModified\":\"2023-06-21T07:56:33+00:00\",\"breadcrumb\":{\"@id\":\"https:\/\/www.kyushoaikijutsuvantaa.fi\/?page_id=17#breadcrumb\"},\"inLanguage\":\"fi\",\"potentialAction\":[{\"@type\":\"ReadAction\",\"target\":[\"https:\/\/www.kyushoaikijutsuvantaa.fi\/?page_id=17\"]}]},{\"@type\":\"ImageObject\",\"inLanguage\":\"fi\",\"@id\":\"https:\/\/www.kyushoaikijutsuvantaa.fi\/?page_id=17#primaryimage\",\"url\":\"https:\/\/www.kyushoaikijutsuvantaa.fi\/wp-content\/uploads\/2017\/10\/DSC03030.jpg\",\"contentUrl\":\"https:\/\/www.kyushoaikijutsuvantaa.fi\/wp-content\/uploads\/2017\/10\/DSC03030.jpg\",\"width\":2048,\"height\":1536},{\"@type\":\"BreadcrumbList\",\"@id\":\"https:\/\/www.kyushoaikijutsuvantaa.fi\/?page_id=17#breadcrumb\",\"itemListElement\":[{\"@type\":\"ListItem\",\"position\":1,\"name\":\"Home\",\"item\":\"https:\/\/www.kyushoaikijutsuvantaa.fi\/\"},{\"@type\":\"ListItem\",\"position\":2,\"name\":\"Tietoja\"}]},{\"@type\":\"WebSite\",\"@id\":\"https:\/\/www.kyushoaikijutsuvantaa.fi\/#website\",\"url\":\"https:\/\/www.kyushoaikijutsuvantaa.fi\/\",\"name\":\"kyushoaikijutsuvantaa.fi\",\"description\":\"Vantaalainen Itsepuolustus- ja taistelulaji seura\",\"publisher\":{\"@id\":\"https:\/\/www.kyushoaikijutsuvantaa.fi\/#organization\"},\"potentialAction\":[{\"@type\":\"SearchAction\",\"target\":{\"@type\":\"EntryPoint\",\"urlTemplate\":\"https:\/\/www.kyushoaikijutsuvantaa.fi\/?s={search_term_string}\"},\"query-input\":{\"@type\":\"PropertyValueSpecification\",\"valueRequired\":true,\"valueName\":\"search_term_string\"}}],\"inLanguage\":\"fi\"},{\"@type\":\"Organization\",\"@id\":\"https:\/\/www.kyushoaikijutsuvantaa.fi\/#organization\",\"name\":\"Kyusho Aiki Jutsu Vantaa Ry\",\"url\":\"https:\/\/www.kyushoaikijutsuvantaa.fi\/\",\"logo\":{\"@type\":\"ImageObject\",\"inLanguage\":\"fi\",\"@id\":\"https:\/\/www.kyushoaikijutsuvantaa.fi\/#\/schema\/logo\/image\/\",\"url\":\"https:\/\/www.kyushoaikijutsuvantaa.fi\/wp-content\/uploads\/2017\/10\/cropped-Kaj_logo.jpg\",\"contentUrl\":\"https:\/\/www.kyushoaikijutsuvantaa.fi\/wp-content\/uploads\/2017\/10\/cropped-Kaj_logo.jpg\",\"width\":250,\"height\":250,\"caption\":\"Kyusho Aiki Jutsu Vantaa Ry\"},\"image\":{\"@id\":\"https:\/\/www.kyushoaikijutsuvantaa.fi\/#\/schema\/logo\/image\/\"},\"sameAs\":[\"https:\/\/www.facebook.com\/kyushoaikijutsuvantaa\/\",\"https:\/\/www.instagram.com\/kyusho_aiki_jutsu_vantaa\/\",\"https:\/\/www.youtube.com\/channel\/UCib3YWyjmOD0tphTx8ah6bQ\"]}]}<\/script>\n<!-- \/ Yoast SEO plugin. -->","yoast_head_json":{"title":"Tietoja - kyushoaikijutsuvantaa.fi","robots":{"index":"index","follow":"follow","max-snippet":"max-snippet:-1","max-image-preview":"max-image-preview:large","max-video-preview":"max-video-preview:-1"},"canonical":"https:\/\/www.kyushoaikijutsuvantaa.fi\/?page_id=17","og_locale":"fi_FI","og_type":"article","og_title":"Tietoja - kyushoaikijutsuvantaa.fi","og_description":"Kyusho Aiki Jutsu Vantaa kuuluu Kyusho Aiki Jutsu International -liittoon, jonka p\u00e4\u00e4opettajana toimii Toni Kauhanen 9. dan. Kyusho Aiki Jutsun keskeisimma\u0308t osa-alueet ovat: KYUSHO\u00a0 (Kova)Sana Kyusho k\u00e4\u00e4nnet\u00e4\u00e4n usein tarkoittamaan &#8221;Yhden sekunnin taistelua&#8221;. Kyusho Aiki Jutsussa sanalla kuvataan my\u00f6s lajin kovaa puolta: perustekniikoita, ly\u00f6ntej\u00e4, potkuja, liikesarjoja (Kata), sovellutuksia (Bunkai) sek\u00e4 hermopistetekniikkoja (Kyusho).AIKI (pehme\u00e4)Vastustajan hy\u00f6kk\u00e4ysvoiman k\u00e4ytt\u00f6 ja &hellip; Jatka lukemista \"Tietoja\"","og_url":"https:\/\/www.kyushoaikijutsuvantaa.fi\/?page_id=17","og_site_name":"kyushoaikijutsuvantaa.fi","article_publisher":"https:\/\/www.facebook.com\/kyushoaikijutsuvantaa\/","article_modified_time":"2023-06-21T07:56:33+00:00","og_image":[{"width":2048,"height":1536,"url":"https:\/\/www.kyushoaikijutsuvantaa.fi\/wp-content\/uploads\/2017\/10\/DSC03030.jpg","type":"image\/jpeg"}],"twitter_card":"summary_large_image","twitter_misc":{"Arvioitu lukuaika":"1 minuutti"},"schema":{"@context":"https:\/\/schema.org","@graph":[{"@type":"WebPage","@id":"https:\/\/www.kyushoaikijutsuvantaa.fi\/?page_id=17","url":"https:\/\/www.kyushoaikijutsuvantaa.fi\/?page_id=17","name":"Tietoja - kyushoaikijutsuvantaa.fi","isPartOf":{"@id":"https:\/\/www.kyushoaikijutsuvantaa.fi\/#website"},"primaryImageOfPage":{"@id":"https:\/\/www.kyushoaikijutsuvantaa.fi\/?page_id=17#primaryimage"},"image":{"@id":"https:\/\/www.kyushoaikijutsuvantaa.fi\/?page_id=17#primaryimage"},"thumbnailUrl":"https:\/\/www.kyushoaikijutsuvantaa.fi\/wp-content\/uploads\/2017\/10\/DSC03030.jpg","datePublished":"2017-10-11T17:05:06+00:00","dateModified":"2023-06-21T07:56:33+00:00","breadcrumb":{"@id":"https:\/\/www.kyushoaikijutsuvantaa.fi\/?page_id=17#breadcrumb"},"inLanguage":"fi","potentialAction":[{"@type":"ReadAction","target":["https:\/\/www.kyushoaikijutsuvantaa.fi\/?page_id=17"]}]},{"@type":"ImageObject","inLanguage":"fi","@id":"https:\/\/www.kyushoaikijutsuvantaa.fi\/?page_id=17#primaryimage","url":"https:\/\/www.kyushoaikijutsuvantaa.fi\/wp-content\/uploads\/2017\/10\/DSC03030.jpg","contentUrl":"https:\/\/www.kyushoaikijutsuvantaa.fi\/wp-content\/uploads\/2017\/10\/DSC03030.jpg","width":2048,"height":1536},{"@type":"BreadcrumbList","@id":"https:\/\/www.kyushoaikijutsuvantaa.fi\/?page_id=17#breadcrumb","itemListElement":[{"@type":"ListItem","position":1,"name":"Home","item":"https:\/\/www.kyushoaikijutsuvantaa.fi\/"},{"@type":"ListItem","position":2,"name":"Tietoja"}]},{"@type":"WebSite","@id":"https:\/\/www.kyushoaikijutsuvantaa.fi\/#website","url":"https:\/\/www.kyushoaikijutsuvantaa.fi\/","name":"kyushoaikijutsuvantaa.fi","description":"Vantaalainen Itsepuolustus- ja taistelulaji seura","publisher":{"@id":"https:\/\/www.kyushoaikijutsuvantaa.fi\/#organization"},"potentialAction":[{"@type":"SearchAction","target":{"@type":"EntryPoint","urlTemplate":"https:\/\/www.kyushoaikijutsuvantaa.fi\/?s={search_term_string}"},"query-input":{"@type":"PropertyValueSpecification","valueRequired":true,"valueName":"search_term_string"}}],"inLanguage":"fi"},{"@type":"Organization","@id":"https:\/\/www.kyushoaikijutsuvantaa.fi\/#organization","name":"Kyusho Aiki Jutsu Vantaa Ry","url":"https:\/\/www.kyushoaikijutsuvantaa.fi\/","logo":{"@type":"ImageObject","inLanguage":"fi","@id":"https:\/\/www.kyushoaikijutsuvantaa.fi\/#\/schema\/logo\/image\/","url":"https:\/\/www.kyushoaikijutsuvantaa.fi\/wp-content\/uploads\/2017\/10\/cropped-Kaj_logo.jpg","contentUrl":"https:\/\/www.kyushoaikijutsuvantaa.fi\/wp-content\/uploads\/2017\/10\/cropped-Kaj_logo.jpg","width":250,"height":250,"caption":"Kyusho Aiki Jutsu Vantaa Ry"},"image":{"@id":"https:\/\/www.kyushoaikijutsuvantaa.fi\/#\/schema\/logo\/image\/"},"sameAs":["https:\/\/www.facebook.com\/kyushoaikijutsuvantaa\/","https:\/\/www.instagram.com\/kyusho_aiki_jutsu_vantaa\/","https:\/\/www.youtube.com\/channel\/UCib3YWyjmOD0tphTx8ah6bQ"]}]}},"_links":{"self":[{"href":"https:\/\/www.kyushoaikijutsuvantaa.fi\/index.php?rest_route=\/wp\/v2\/pages\/17","targetHints":{"allow":["GET"]}}],"collection":[{"href":"https:\/\/www.kyushoaikijutsuvantaa.fi\/index.php?rest_route=\/wp\/v2\/pages"}],"about":[{"href":"https:\/\/www.kyushoaikijutsuvantaa.fi\/index.php?rest_route=\/wp\/v2\/types\/page"}],"author":[{"embeddable":true,"href":"https:\/\/www.kyushoaikijutsuvantaa.fi\/index.php?rest_route=\/wp\/v2\/users\/1"}],"replies":[{"embeddable":true,"href":"https:\/\/www.kyushoaikijutsuvantaa.fi\/index.php?rest_route=%2Fwp%2Fv2%2Fcomments&post=17"}],"version-history":[{"count":17,"href":"https:\/\/www.kyushoaikijutsuvantaa.fi\/index.php?rest_route=\/wp\/v2\/pages\/17\/revisions"}],"predecessor-version":[{"id":631,"href":"https:\/\/www.kyushoaikijutsuvantaa.fi\/index.php?rest_route=\/wp\/v2\/pages\/17\/revisions\/631"}],"wp:featuredmedia":[{"embeddable":true,"href":"https:\/\/www.kyushoaikijutsuvantaa.fi\/index.php?rest_route=\/wp\/v2\/media\/42"}],"wp:attachment":[{"href":"https:\/\/www.kyushoaikijutsuvantaa.fi\/index.php?rest_route=%2Fwp%2Fv2%2Fmedia&parent=17"}],"curies":[{"name":"wp","href":"https:\/\/api.w.org\/{rel}","templated":true}]}}