{"id":16,"date":"2017-10-11T20:05:06","date_gmt":"2017-10-11T17:05:06","guid":{"rendered":"http:\/\/www.kyushoaikijutsuvantaa.fi\/?page_id=16"},"modified":"2025-09-11T16:42:48","modified_gmt":"2025-09-11T13:42:48","slug":"etusivu","status":"publish","type":"page","link":"https:\/\/www.kyushoaikijutsuvantaa.fi\/","title":{"rendered":"Etusivu"},"content":{"rendered":"<p>Kyusho Aiki Jutsu on tehokas itsepuolustuslaji, jossa vanhojen karatemestareiden uudelleen l\u00f6ydetyt opit ja salaisuudet kohtaavat nykyaikaiset uhkatilanteet.<\/p>\n<p class=\"p1\"><span class=\"s1\">Lajin kehitt\u00e4misess\u00e4 on pyritty l\u00f6yt\u00e4m\u00e4\u00e4n ja tulkitsemaan vanhojen mestareiden oppeja. Niiden kautta on l\u00f6ydetty keinoja puolustaa itse\u00e4\u00e4n mahdollisimman luonnollisesti ja tehokkaasti sek\u00e4 my\u00f6s hy\u00f6kk\u00e4\u00e4j\u00e4n kannalta turvallisesti. Leimallista lajille on hy\u00f6kk\u00e4\u00e4j\u00e4n kehon heikkouksien ja reaktioiden hy\u00f6dynt\u00e4minen sek\u00e4 oman kehon mahdollisimman luonnollinen k\u00e4ytt\u00f6. <\/span><\/p>\n<p class=\"p1\"><span class=\"s1\">Laji soveltuu vasta-alkajille sek\u00e4 pidemp\u00e4\u00e4n kamppailu- ja itsepuolustuslajeja harrastaneille. Ik\u00e4raja on 18 vuotta.<\/span><\/p>\n<p class=\"p1\"><span class=\"s1\">Tervetuloa tutustumaan lajiin, joka tarjoaa haasteita koko loppuel\u00e4m\u00e4ksi sek\u00e4 keholle ett\u00e4 mielelle.\u00a0<\/span><\/p>\n\n\n<figure class=\"wp-block-video\"><video controls src=\"http:\/\/www.kyushoaikijutsuvantaa.fi\/wp-content\/uploads\/2025\/05\/KAJ-2025-video.mov\"><\/video><\/figure>\n\n\n\n<figure class=\"wp-block-embed is-type-video is-provider-youtube wp-block-embed-youtube wp-embed-aspect-9-16 wp-has-aspect-ratio\"><div class=\"wp-block-embed__wrapper\">\n<iframe loading=\"lazy\" title=\"Compilation of KAJ Vantaa top10 highlights\" width=\"443\" height=\"788\" src=\"https:\/\/www.youtube.com\/embed\/P3Jqnx5i7ok?feature=oembed\" frameborder=\"0\" allow=\"accelerometer; autoplay; clipboard-write; encrypted-media; gyroscope; picture-in-picture; web-share\" referrerpolicy=\"strict-origin-when-cross-origin\" allowfullscreen><\/iframe>\n<\/div><\/figure>\n\n\n\n<p><\/p>\n","protected":false},"excerpt":{"rendered":"<p>Kyusho Aiki Jutsu on tehokas itsepuolustuslaji, jossa vanhojen karatemestareiden uudelleen l\u00f6ydetyt opit ja salaisuudet kohtaavat nykyaikaiset uhkatilanteet. Lajin kehitt\u00e4misess\u00e4 on pyritty l\u00f6yt\u00e4m\u00e4\u00e4n ja tulkitsemaan vanhojen mestareiden oppeja. Niiden kautta on l\u00f6ydetty keinoja puolustaa itse\u00e4\u00e4n mahdollisimman luonnollisesti ja tehokkaasti sek\u00e4 my\u00f6s hy\u00f6kk\u00e4\u00e4j\u00e4n kannalta turvallisesti. Leimallista lajille on hy\u00f6kk\u00e4\u00e4j\u00e4n kehon heikkouksien ja reaktioiden hy\u00f6dynt\u00e4minen sek\u00e4 oman kehon &hellip; <\/p>\n<p class=\"link-more\"><a href=\"https:\/\/www.kyushoaikijutsuvantaa.fi\/\" class=\"more-link\">Jatka lukemista<span class=\"screen-reader-text\"> &#8221;Etusivu&#8221;<\/span><\/a><\/p>\n","protected":false},"author":1,"featured_media":0,"parent":0,"menu_order":0,"comment_status":"closed","ping_status":"closed","template":"","meta":{"footnotes":""},"class_list":["post-16","page","type-page","status-publish","hentry"],"yoast_head":"<!-- This site is optimized with the Yoast SEO plugin v24.0 - https:\/\/yoast.com\/wordpress\/plugins\/seo\/ -->\n<title>Etusivu - kyushoaikijutsuvantaa.fi<\/title>\n<meta name=\"robots\" content=\"index, follow, max-snippet:-1, max-image-preview:large, max-video-preview:-1\" \/>\n<link rel=\"canonical\" href=\"https:\/\/www.kyushoaikijutsuvantaa.fi\/\" \/>\n<meta property=\"og:locale\" content=\"fi_FI\" \/>\n<meta property=\"og:type\" content=\"article\" \/>\n<meta property=\"og:title\" content=\"Etusivu - kyushoaikijutsuvantaa.fi\" \/>\n<meta property=\"og:description\" content=\"Kyusho Aiki Jutsu on tehokas itsepuolustuslaji, jossa vanhojen karatemestareiden uudelleen l\u00f6ydetyt opit ja salaisuudet kohtaavat nykyaikaiset uhkatilanteet. Lajin kehitt\u00e4misess\u00e4 on pyritty l\u00f6yt\u00e4m\u00e4\u00e4n ja tulkitsemaan vanhojen mestareiden oppeja. Niiden kautta on l\u00f6ydetty keinoja puolustaa itse\u00e4\u00e4n mahdollisimman luonnollisesti ja tehokkaasti sek\u00e4 my\u00f6s hy\u00f6kk\u00e4\u00e4j\u00e4n kannalta turvallisesti. Leimallista lajille on hy\u00f6kk\u00e4\u00e4j\u00e4n kehon heikkouksien ja reaktioiden hy\u00f6dynt\u00e4minen sek\u00e4 oman kehon &hellip; Jatka lukemista &quot;Etusivu&quot;\" \/>\n<meta property=\"og:url\" content=\"https:\/\/www.kyushoaikijutsuvantaa.fi\/\" \/>\n<meta property=\"og:site_name\" content=\"kyushoaikijutsuvantaa.fi\" \/>\n<meta property=\"article:publisher\" content=\"https:\/\/www.facebook.com\/kyushoaikijutsuvantaa\/\" \/>\n<meta property=\"article:modified_time\" content=\"2025-09-11T13:42:48+00:00\" \/>\n<meta name=\"twitter:card\" content=\"summary_large_image\" \/>\n<meta name=\"twitter:label1\" content=\"Arvioitu lukuaika\" \/>\n\t<meta name=\"twitter:data1\" content=\"1 minuutti\" \/>\n<script type=\"application\/ld+json\" class=\"yoast-schema-graph\">{\"@context\":\"https:\/\/schema.org\",\"@graph\":[{\"@type\":\"WebPage\",\"@id\":\"https:\/\/www.kyushoaikijutsuvantaa.fi\/\",\"url\":\"https:\/\/www.kyushoaikijutsuvantaa.fi\/\",\"name\":\"Etusivu - kyushoaikijutsuvantaa.fi\",\"isPartOf\":{\"@id\":\"https:\/\/www.kyushoaikijutsuvantaa.fi\/#website\"},\"datePublished\":\"2017-10-11T17:05:06+00:00\",\"dateModified\":\"2025-09-11T13:42:48+00:00\",\"breadcrumb\":{\"@id\":\"https:\/\/www.kyushoaikijutsuvantaa.fi\/#breadcrumb\"},\"inLanguage\":\"fi\",\"potentialAction\":[{\"@type\":\"ReadAction\",\"target\":[\"https:\/\/www.kyushoaikijutsuvantaa.fi\/\"]}]},{\"@type\":\"BreadcrumbList\",\"@id\":\"https:\/\/www.kyushoaikijutsuvantaa.fi\/#breadcrumb\",\"itemListElement\":[{\"@type\":\"ListItem\",\"position\":1,\"name\":\"Home\",\"item\":\"https:\/\/www.kyushoaikijutsuvantaa.fi\/\"},{\"@type\":\"ListItem\",\"position\":2,\"name\":\"Etusivu\"}]},{\"@type\":\"WebSite\",\"@id\":\"https:\/\/www.kyushoaikijutsuvantaa.fi\/#website\",\"url\":\"https:\/\/www.kyushoaikijutsuvantaa.fi\/\",\"name\":\"kyushoaikijutsuvantaa.fi\",\"description\":\"Vantaalainen Itsepuolustus- ja taistelulaji seura\",\"publisher\":{\"@id\":\"https:\/\/www.kyushoaikijutsuvantaa.fi\/#organization\"},\"potentialAction\":[{\"@type\":\"SearchAction\",\"target\":{\"@type\":\"EntryPoint\",\"urlTemplate\":\"https:\/\/www.kyushoaikijutsuvantaa.fi\/?s={search_term_string}\"},\"query-input\":{\"@type\":\"PropertyValueSpecification\",\"valueRequired\":true,\"valueName\":\"search_term_string\"}}],\"inLanguage\":\"fi\"},{\"@type\":\"Organization\",\"@id\":\"https:\/\/www.kyushoaikijutsuvantaa.fi\/#organization\",\"name\":\"Kyusho Aiki Jutsu Vantaa Ry\",\"url\":\"https:\/\/www.kyushoaikijutsuvantaa.fi\/\",\"logo\":{\"@type\":\"ImageObject\",\"inLanguage\":\"fi\",\"@id\":\"https:\/\/www.kyushoaikijutsuvantaa.fi\/#\/schema\/logo\/image\/\",\"url\":\"https:\/\/www.kyushoaikijutsuvantaa.fi\/wp-content\/uploads\/2017\/10\/cropped-Kaj_logo.jpg\",\"contentUrl\":\"https:\/\/www.kyushoaikijutsuvantaa.fi\/wp-content\/uploads\/2017\/10\/cropped-Kaj_logo.jpg\",\"width\":250,\"height\":250,\"caption\":\"Kyusho Aiki Jutsu Vantaa Ry\"},\"image\":{\"@id\":\"https:\/\/www.kyushoaikijutsuvantaa.fi\/#\/schema\/logo\/image\/\"},\"sameAs\":[\"https:\/\/www.facebook.com\/kyushoaikijutsuvantaa\/\",\"https:\/\/www.instagram.com\/kyusho_aiki_jutsu_vantaa\/\",\"https:\/\/www.youtube.com\/channel\/UCib3YWyjmOD0tphTx8ah6bQ\"]}]}<\/script>\n<!-- \/ Yoast SEO plugin. -->","yoast_head_json":{"title":"Etusivu - kyushoaikijutsuvantaa.fi","robots":{"index":"index","follow":"follow","max-snippet":"max-snippet:-1","max-image-preview":"max-image-preview:large","max-video-preview":"max-video-preview:-1"},"canonical":"https:\/\/www.kyushoaikijutsuvantaa.fi\/","og_locale":"fi_FI","og_type":"article","og_title":"Etusivu - kyushoaikijutsuvantaa.fi","og_description":"Kyusho Aiki Jutsu on tehokas itsepuolustuslaji, jossa vanhojen karatemestareiden uudelleen l\u00f6ydetyt opit ja salaisuudet kohtaavat nykyaikaiset uhkatilanteet. Lajin kehitt\u00e4misess\u00e4 on pyritty l\u00f6yt\u00e4m\u00e4\u00e4n ja tulkitsemaan vanhojen mestareiden oppeja. Niiden kautta on l\u00f6ydetty keinoja puolustaa itse\u00e4\u00e4n mahdollisimman luonnollisesti ja tehokkaasti sek\u00e4 my\u00f6s hy\u00f6kk\u00e4\u00e4j\u00e4n kannalta turvallisesti. Leimallista lajille on hy\u00f6kk\u00e4\u00e4j\u00e4n kehon heikkouksien ja reaktioiden hy\u00f6dynt\u00e4minen sek\u00e4 oman kehon &hellip; Jatka lukemista \"Etusivu\"","og_url":"https:\/\/www.kyushoaikijutsuvantaa.fi\/","og_site_name":"kyushoaikijutsuvantaa.fi","article_publisher":"https:\/\/www.facebook.com\/kyushoaikijutsuvantaa\/","article_modified_time":"2025-09-11T13:42:48+00:00","twitter_card":"summary_large_image","twitter_misc":{"Arvioitu lukuaika":"1 minuutti"},"schema":{"@context":"https:\/\/schema.org","@graph":[{"@type":"WebPage","@id":"https:\/\/www.kyushoaikijutsuvantaa.fi\/","url":"https:\/\/www.kyushoaikijutsuvantaa.fi\/","name":"Etusivu - kyushoaikijutsuvantaa.fi","isPartOf":{"@id":"https:\/\/www.kyushoaikijutsuvantaa.fi\/#website"},"datePublished":"2017-10-11T17:05:06+00:00","dateModified":"2025-09-11T13:42:48+00:00","breadcrumb":{"@id":"https:\/\/www.kyushoaikijutsuvantaa.fi\/#breadcrumb"},"inLanguage":"fi","potentialAction":[{"@type":"ReadAction","target":["https:\/\/www.kyushoaikijutsuvantaa.fi\/"]}]},{"@type":"BreadcrumbList","@id":"https:\/\/www.kyushoaikijutsuvantaa.fi\/#breadcrumb","itemListElement":[{"@type":"ListItem","position":1,"name":"Home","item":"https:\/\/www.kyushoaikijutsuvantaa.fi\/"},{"@type":"ListItem","position":2,"name":"Etusivu"}]},{"@type":"WebSite","@id":"https:\/\/www.kyushoaikijutsuvantaa.fi\/#website","url":"https:\/\/www.kyushoaikijutsuvantaa.fi\/","name":"kyushoaikijutsuvantaa.fi","description":"Vantaalainen Itsepuolustus- ja taistelulaji seura","publisher":{"@id":"https:\/\/www.kyushoaikijutsuvantaa.fi\/#organization"},"potentialAction":[{"@type":"SearchAction","target":{"@type":"EntryPoint","urlTemplate":"https:\/\/www.kyushoaikijutsuvantaa.fi\/?s={search_term_string}"},"query-input":{"@type":"PropertyValueSpecification","valueRequired":true,"valueName":"search_term_string"}}],"inLanguage":"fi"},{"@type":"Organization","@id":"https:\/\/www.kyushoaikijutsuvantaa.fi\/#organization","name":"Kyusho Aiki Jutsu Vantaa Ry","url":"https:\/\/www.kyushoaikijutsuvantaa.fi\/","logo":{"@type":"ImageObject","inLanguage":"fi","@id":"https:\/\/www.kyushoaikijutsuvantaa.fi\/#\/schema\/logo\/image\/","url":"https:\/\/www.kyushoaikijutsuvantaa.fi\/wp-content\/uploads\/2017\/10\/cropped-Kaj_logo.jpg","contentUrl":"https:\/\/www.kyushoaikijutsuvantaa.fi\/wp-content\/uploads\/2017\/10\/cropped-Kaj_logo.jpg","width":250,"height":250,"caption":"Kyusho Aiki Jutsu Vantaa Ry"},"image":{"@id":"https:\/\/www.kyushoaikijutsuvantaa.fi\/#\/schema\/logo\/image\/"},"sameAs":["https:\/\/www.facebook.com\/kyushoaikijutsuvantaa\/","https:\/\/www.instagram.com\/kyusho_aiki_jutsu_vantaa\/","https:\/\/www.youtube.com\/channel\/UCib3YWyjmOD0tphTx8ah6bQ"]}]}},"_links":{"self":[{"href":"https:\/\/www.kyushoaikijutsuvantaa.fi\/index.php?rest_route=\/wp\/v2\/pages\/16","targetHints":{"allow":["GET"]}}],"collection":[{"href":"https:\/\/www.kyushoaikijutsuvantaa.fi\/index.php?rest_route=\/wp\/v2\/pages"}],"about":[{"href":"https:\/\/www.kyushoaikijutsuvantaa.fi\/index.php?rest_route=\/wp\/v2\/types\/page"}],"author":[{"embeddable":true,"href":"https:\/\/www.kyushoaikijutsuvantaa.fi\/index.php?rest_route=\/wp\/v2\/users\/1"}],"replies":[{"embeddable":true,"href":"https:\/\/www.kyushoaikijutsuvantaa.fi\/index.php?rest_route=%2Fwp%2Fv2%2Fcomments&post=16"}],"version-history":[{"count":25,"href":"https:\/\/www.kyushoaikijutsuvantaa.fi\/index.php?rest_route=\/wp\/v2\/pages\/16\/revisions"}],"predecessor-version":[{"id":743,"href":"https:\/\/www.kyushoaikijutsuvantaa.fi\/index.php?rest_route=\/wp\/v2\/pages\/16\/revisions\/743"}],"wp:attachment":[{"href":"https:\/\/www.kyushoaikijutsuvantaa.fi\/index.php?rest_route=%2Fwp%2Fv2%2Fmedia&parent=16"}],"curies":[{"name":"wp","href":"https:\/\/api.w.org\/{rel}","templated":true}]}}