{"id":139,"date":"2017-11-17T08:04:11","date_gmt":"2017-11-17T06:04:11","guid":{"rendered":"http:\/\/www.kyushoaikijutsuvantaa.fi\/?page_id=139"},"modified":"2026-03-25T16:56:36","modified_gmt":"2026-03-25T14:56:36","slug":"jasen-alue","status":"publish","type":"page","link":"https:\/\/www.kyushoaikijutsuvantaa.fi\/?page_id=139","title":{"rendered":"J\u00e4senalue"},"content":{"rendered":"<div class=\"swpm-post-not-logged-in-msg\">You need to be logged in to view this content. Please <a class=\"swpm-login-link\" href=\"http:\/\/www.kyushoaikijutsuvantaa.fi\/?page_id=176\">Log In<\/a>. Eik\u00f6 sinulla ole tunnuksia? <a href=\"http:\/\/www.kyushoaikijutsuvantaa.fi\/?page_id=174\">Luo tunnukset t\u00e4\u00e4ll\u00e4<\/a><\/div>","protected":false},"excerpt":{"rendered":"<p>You need to be logged in to view this content. Please Log In. Eik\u00f6 sinulla ole tunnuksia? Luo tunnukset t\u00e4\u00e4ll\u00e4<\/p>\n","protected":false},"author":2,"featured_media":0,"parent":0,"menu_order":0,"comment_status":"closed","ping_status":"closed","template":"","meta":{"footnotes":""},"class_list":["post-139","page","type-page","status-publish","hentry"],"yoast_head":"<!-- This site is optimized with the Yoast SEO plugin v24.0 - https:\/\/yoast.com\/wordpress\/plugins\/seo\/ -->\n<title>J\u00e4senalue - kyushoaikijutsuvantaa.fi<\/title>\n<meta name=\"robots\" content=\"index, follow, max-snippet:-1, max-image-preview:large, max-video-preview:-1\" \/>\n<link rel=\"canonical\" href=\"https:\/\/www.kyushoaikijutsuvantaa.fi\/?page_id=139\" \/>\n<meta property=\"og:locale\" content=\"fi_FI\" \/>\n<meta property=\"og:type\" content=\"article\" \/>\n<meta property=\"og:title\" content=\"J\u00e4senalue - kyushoaikijutsuvantaa.fi\" \/>\n<meta property=\"og:description\" content=\"You need to be logged in to view this content. Please Log In. Eik\u00f6 sinulla ole tunnuksia? Luo tunnukset t\u00e4\u00e4ll\u00e4\" \/>\n<meta property=\"og:url\" content=\"https:\/\/www.kyushoaikijutsuvantaa.fi\/?page_id=139\" \/>\n<meta property=\"og:site_name\" content=\"kyushoaikijutsuvantaa.fi\" \/>\n<meta property=\"article:publisher\" content=\"https:\/\/www.facebook.com\/kyushoaikijutsuvantaa\/\" \/>\n<meta property=\"article:modified_time\" content=\"2026-03-25T14:56:36+00:00\" \/>\n<meta property=\"og:image\" content=\"https:\/\/www.kyushoaikijutsuvantaa.fi\/wp-content\/uploads\/2017\/11\/CDTs.jpg\" \/>\n\t<meta property=\"og:image:width\" content=\"803\" \/>\n\t<meta property=\"og:image:height\" content=\"656\" \/>\n\t<meta property=\"og:image:type\" content=\"image\/jpeg\" \/>\n<meta name=\"twitter:card\" content=\"summary_large_image\" \/>\n<meta name=\"twitter:label1\" content=\"Arvioitu lukuaika\" \/>\n\t<meta name=\"twitter:data1\" content=\"1 minuutti\" \/>\n<script type=\"application\/ld+json\" class=\"yoast-schema-graph\">{\"@context\":\"https:\/\/schema.org\",\"@graph\":[{\"@type\":\"WebPage\",\"@id\":\"https:\/\/www.kyushoaikijutsuvantaa.fi\/?page_id=139\",\"url\":\"https:\/\/www.kyushoaikijutsuvantaa.fi\/?page_id=139\",\"name\":\"J\u00e4senalue - kyushoaikijutsuvantaa.fi\",\"isPartOf\":{\"@id\":\"https:\/\/www.kyushoaikijutsuvantaa.fi\/#website\"},\"primaryImageOfPage\":{\"@id\":\"https:\/\/www.kyushoaikijutsuvantaa.fi\/?page_id=139#primaryimage\"},\"image\":{\"@id\":\"https:\/\/www.kyushoaikijutsuvantaa.fi\/?page_id=139#primaryimage\"},\"thumbnailUrl\":\"http:\/\/www.kyushoaikijutsuvantaa.fi\/wp-content\/uploads\/2017\/11\/CDTs.jpg\",\"datePublished\":\"2017-11-17T06:04:11+00:00\",\"dateModified\":\"2026-03-25T14:56:36+00:00\",\"breadcrumb\":{\"@id\":\"https:\/\/www.kyushoaikijutsuvantaa.fi\/?page_id=139#breadcrumb\"},\"inLanguage\":\"fi\",\"potentialAction\":[{\"@type\":\"ReadAction\",\"target\":[\"https:\/\/www.kyushoaikijutsuvantaa.fi\/?page_id=139\"]}]},{\"@type\":\"ImageObject\",\"inLanguage\":\"fi\",\"@id\":\"https:\/\/www.kyushoaikijutsuvantaa.fi\/?page_id=139#primaryimage\",\"url\":\"http:\/\/www.kyushoaikijutsuvantaa.fi\/wp-content\/uploads\/2017\/11\/CDTs.jpg\",\"contentUrl\":\"http:\/\/www.kyushoaikijutsuvantaa.fi\/wp-content\/uploads\/2017\/11\/CDTs.jpg\"},{\"@type\":\"BreadcrumbList\",\"@id\":\"https:\/\/www.kyushoaikijutsuvantaa.fi\/?page_id=139#breadcrumb\",\"itemListElement\":[{\"@type\":\"ListItem\",\"position\":1,\"name\":\"Home\",\"item\":\"https:\/\/www.kyushoaikijutsuvantaa.fi\/\"},{\"@type\":\"ListItem\",\"position\":2,\"name\":\"J\u00e4senalue\"}]},{\"@type\":\"WebSite\",\"@id\":\"https:\/\/www.kyushoaikijutsuvantaa.fi\/#website\",\"url\":\"https:\/\/www.kyushoaikijutsuvantaa.fi\/\",\"name\":\"kyushoaikijutsuvantaa.fi\",\"description\":\"Vantaalainen Itsepuolustus- ja taistelulaji seura\",\"publisher\":{\"@id\":\"https:\/\/www.kyushoaikijutsuvantaa.fi\/#organization\"},\"potentialAction\":[{\"@type\":\"SearchAction\",\"target\":{\"@type\":\"EntryPoint\",\"urlTemplate\":\"https:\/\/www.kyushoaikijutsuvantaa.fi\/?s={search_term_string}\"},\"query-input\":{\"@type\":\"PropertyValueSpecification\",\"valueRequired\":true,\"valueName\":\"search_term_string\"}}],\"inLanguage\":\"fi\"},{\"@type\":\"Organization\",\"@id\":\"https:\/\/www.kyushoaikijutsuvantaa.fi\/#organization\",\"name\":\"Kyusho Aiki Jutsu Vantaa Ry\",\"url\":\"https:\/\/www.kyushoaikijutsuvantaa.fi\/\",\"logo\":{\"@type\":\"ImageObject\",\"inLanguage\":\"fi\",\"@id\":\"https:\/\/www.kyushoaikijutsuvantaa.fi\/#\/schema\/logo\/image\/\",\"url\":\"https:\/\/www.kyushoaikijutsuvantaa.fi\/wp-content\/uploads\/2017\/10\/cropped-Kaj_logo.jpg\",\"contentUrl\":\"https:\/\/www.kyushoaikijutsuvantaa.fi\/wp-content\/uploads\/2017\/10\/cropped-Kaj_logo.jpg\",\"width\":250,\"height\":250,\"caption\":\"Kyusho Aiki Jutsu Vantaa Ry\"},\"image\":{\"@id\":\"https:\/\/www.kyushoaikijutsuvantaa.fi\/#\/schema\/logo\/image\/\"},\"sameAs\":[\"https:\/\/www.facebook.com\/kyushoaikijutsuvantaa\/\",\"https:\/\/www.instagram.com\/kyusho_aiki_jutsu_vantaa\/\",\"https:\/\/www.youtube.com\/channel\/UCib3YWyjmOD0tphTx8ah6bQ\"]}]}<\/script>\n<!-- \/ Yoast SEO plugin. -->","yoast_head_json":{"title":"J\u00e4senalue - kyushoaikijutsuvantaa.fi","robots":{"index":"index","follow":"follow","max-snippet":"max-snippet:-1","max-image-preview":"max-image-preview:large","max-video-preview":"max-video-preview:-1"},"canonical":"https:\/\/www.kyushoaikijutsuvantaa.fi\/?page_id=139","og_locale":"fi_FI","og_type":"article","og_title":"J\u00e4senalue - kyushoaikijutsuvantaa.fi","og_description":"You need to be logged in to view this content. Please Log In. Eik\u00f6 sinulla ole tunnuksia? Luo tunnukset t\u00e4\u00e4ll\u00e4","og_url":"https:\/\/www.kyushoaikijutsuvantaa.fi\/?page_id=139","og_site_name":"kyushoaikijutsuvantaa.fi","article_publisher":"https:\/\/www.facebook.com\/kyushoaikijutsuvantaa\/","article_modified_time":"2026-03-25T14:56:36+00:00","og_image":[{"width":803,"height":656,"url":"https:\/\/www.kyushoaikijutsuvantaa.fi\/wp-content\/uploads\/2017\/11\/CDTs.jpg","type":"image\/jpeg"}],"twitter_card":"summary_large_image","twitter_misc":{"Arvioitu lukuaika":"1 minuutti"},"schema":{"@context":"https:\/\/schema.org","@graph":[{"@type":"WebPage","@id":"https:\/\/www.kyushoaikijutsuvantaa.fi\/?page_id=139","url":"https:\/\/www.kyushoaikijutsuvantaa.fi\/?page_id=139","name":"J\u00e4senalue - kyushoaikijutsuvantaa.fi","isPartOf":{"@id":"https:\/\/www.kyushoaikijutsuvantaa.fi\/#website"},"primaryImageOfPage":{"@id":"https:\/\/www.kyushoaikijutsuvantaa.fi\/?page_id=139#primaryimage"},"image":{"@id":"https:\/\/www.kyushoaikijutsuvantaa.fi\/?page_id=139#primaryimage"},"thumbnailUrl":"http:\/\/www.kyushoaikijutsuvantaa.fi\/wp-content\/uploads\/2017\/11\/CDTs.jpg","datePublished":"2017-11-17T06:04:11+00:00","dateModified":"2026-03-25T14:56:36+00:00","breadcrumb":{"@id":"https:\/\/www.kyushoaikijutsuvantaa.fi\/?page_id=139#breadcrumb"},"inLanguage":"fi","potentialAction":[{"@type":"ReadAction","target":["https:\/\/www.kyushoaikijutsuvantaa.fi\/?page_id=139"]}]},{"@type":"ImageObject","inLanguage":"fi","@id":"https:\/\/www.kyushoaikijutsuvantaa.fi\/?page_id=139#primaryimage","url":"http:\/\/www.kyushoaikijutsuvantaa.fi\/wp-content\/uploads\/2017\/11\/CDTs.jpg","contentUrl":"http:\/\/www.kyushoaikijutsuvantaa.fi\/wp-content\/uploads\/2017\/11\/CDTs.jpg"},{"@type":"BreadcrumbList","@id":"https:\/\/www.kyushoaikijutsuvantaa.fi\/?page_id=139#breadcrumb","itemListElement":[{"@type":"ListItem","position":1,"name":"Home","item":"https:\/\/www.kyushoaikijutsuvantaa.fi\/"},{"@type":"ListItem","position":2,"name":"J\u00e4senalue"}]},{"@type":"WebSite","@id":"https:\/\/www.kyushoaikijutsuvantaa.fi\/#website","url":"https:\/\/www.kyushoaikijutsuvantaa.fi\/","name":"kyushoaikijutsuvantaa.fi","description":"Vantaalainen Itsepuolustus- ja taistelulaji seura","publisher":{"@id":"https:\/\/www.kyushoaikijutsuvantaa.fi\/#organization"},"potentialAction":[{"@type":"SearchAction","target":{"@type":"EntryPoint","urlTemplate":"https:\/\/www.kyushoaikijutsuvantaa.fi\/?s={search_term_string}"},"query-input":{"@type":"PropertyValueSpecification","valueRequired":true,"valueName":"search_term_string"}}],"inLanguage":"fi"},{"@type":"Organization","@id":"https:\/\/www.kyushoaikijutsuvantaa.fi\/#organization","name":"Kyusho Aiki Jutsu Vantaa Ry","url":"https:\/\/www.kyushoaikijutsuvantaa.fi\/","logo":{"@type":"ImageObject","inLanguage":"fi","@id":"https:\/\/www.kyushoaikijutsuvantaa.fi\/#\/schema\/logo\/image\/","url":"https:\/\/www.kyushoaikijutsuvantaa.fi\/wp-content\/uploads\/2017\/10\/cropped-Kaj_logo.jpg","contentUrl":"https:\/\/www.kyushoaikijutsuvantaa.fi\/wp-content\/uploads\/2017\/10\/cropped-Kaj_logo.jpg","width":250,"height":250,"caption":"Kyusho Aiki Jutsu Vantaa Ry"},"image":{"@id":"https:\/\/www.kyushoaikijutsuvantaa.fi\/#\/schema\/logo\/image\/"},"sameAs":["https:\/\/www.facebook.com\/kyushoaikijutsuvantaa\/","https:\/\/www.instagram.com\/kyusho_aiki_jutsu_vantaa\/","https:\/\/www.youtube.com\/channel\/UCib3YWyjmOD0tphTx8ah6bQ"]}]}},"_links":{"self":[{"href":"https:\/\/www.kyushoaikijutsuvantaa.fi\/index.php?rest_route=\/wp\/v2\/pages\/139","targetHints":{"allow":["GET"]}}],"collection":[{"href":"https:\/\/www.kyushoaikijutsuvantaa.fi\/index.php?rest_route=\/wp\/v2\/pages"}],"about":[{"href":"https:\/\/www.kyushoaikijutsuvantaa.fi\/index.php?rest_route=\/wp\/v2\/types\/page"}],"author":[{"embeddable":true,"href":"https:\/\/www.kyushoaikijutsuvantaa.fi\/index.php?rest_route=\/wp\/v2\/users\/2"}],"replies":[{"embeddable":true,"href":"https:\/\/www.kyushoaikijutsuvantaa.fi\/index.php?rest_route=%2Fwp%2Fv2%2Fcomments&post=139"}],"version-history":[{"count":22,"href":"https:\/\/www.kyushoaikijutsuvantaa.fi\/index.php?rest_route=\/wp\/v2\/pages\/139\/revisions"}],"predecessor-version":[{"id":757,"href":"https:\/\/www.kyushoaikijutsuvantaa.fi\/index.php?rest_route=\/wp\/v2\/pages\/139\/revisions\/757"}],"wp:attachment":[{"href":"https:\/\/www.kyushoaikijutsuvantaa.fi\/index.php?rest_route=%2Fwp%2Fv2%2Fmedia&parent=139"}],"curies":[{"name":"wp","href":"https:\/\/api.w.org\/{rel}","templated":true}]}}